{"id":1591,"date":"2021-03-30T19:06:29","date_gmt":"2021-03-30T16:06:29","guid":{"rendered":""},"modified":"2022-08-09T12:51:54","modified_gmt":"2022-08-09T09:51:54","slug":"bebek-bakim-urunleri","status":"publish","type":"page","link":"http:\/\/www.batuhanambalaj.com\/index.php\/bebek-bakim-urunleri\/","title":{"rendered":"Bebek Bak\u0131m \u00dcr\u00fcnleri"},"content":{"rendered":"\t\t<div data-elementor-type=\"wp-page\" data-elementor-id=\"1591\" class=\"elementor elementor-1591\" data-elementor-settings=\"[]\">\n\t\t\t\t\t\t\t<div class=\"elementor-section-wrap\">\n\t\t\t\t\t\t\t<section class=\"elementor-section elementor-top-section elementor-element elementor-element-24dd87b3 elementor-section-stretched elementor-section-boxed elementor-section-height-default elementor-section-height-default\" data-id=\"24dd87b3\" data-element_type=\"section\" data-settings=\"{&quot;stretch_section&quot;:&quot;section-stretched&quot;}\">\n\t\t\t\t\t\t<div class=\"elementor-container elementor-column-gap-no\">\n\t\t\t\t\t<div class=\"elementor-column elementor-col-66 elementor-top-column elementor-element elementor-element-c415f34\" data-id=\"c415f34\" data-element_type=\"column\">\n\t\t\t<div class=\"elementor-widget-wrap elementor-element-populated\">\n\t\t\t\t\t\t\t\t<section class=\"elementor-section elementor-inner-section elementor-element elementor-element-45c00d82 elementor-section-boxed elementor-section-height-default elementor-section-height-default\" data-id=\"45c00d82\" data-element_type=\"section\">\n\t\t\t\t\t\t<div class=\"elementor-container elementor-column-gap-no\">\n\t\t\t\t\t<div class=\"elementor-column elementor-col-100 elementor-inner-column elementor-element elementor-element-3712527a\" data-id=\"3712527a\" data-element_type=\"column\">\n\t\t\t<div class=\"elementor-widget-wrap elementor-element-populated\">\n\t\t\t\t\t\t\t\t<div class=\"elementor-element elementor-element-3ea4ddf2 gyan-title-desc-left elementor-widget elementor-widget-gyan_title\" data-id=\"3ea4ddf2\" data-element_type=\"widget\" data-widget_type=\"gyan_title.default\">\n\t\t\t\t<div class=\"elementor-widget-container\">\n\t\t\t\t\t<div class=\"gyan-title\">\r\n\t\t\t<h2 class=\"gyan-title-heading\">Bebek Bak\u0131m \u00dcr\u00fcnleri<\/h2><div class=\"gyan-title-desc\">Doypack ambalaj  di\u011fer ad\u0131yla \u015eeffaf torba olarak en \u00e7ok tercih edilen ambalaj modellerini yukar\u0131daki se\u00e7eneklerden detayl\u0131 olarak inceleyebilirsiniz. \u015eeffaf po\u015fet ambalajlar\u0131 genellikle baharat, kuruyemi\u015f, bitki \u00e7aylar\u0131 , kurutulmu\u015f meyveler gibi \u00fcr\u00fcnlerde tercih edilmektedir.<\/div>\t\t<\/div>\r\n\t\t\t\t<\/div>\n\t\t\t\t<\/div>\n\t\t\t\t\t<\/div>\n\t\t<\/div>\n\t\t\t\t\t\t\t<\/div>\n\t\t<\/section>\n\t\t\t\t<section class=\"elementor-section elementor-inner-section elementor-element elementor-element-4fd55a8c elementor-section-boxed elementor-section-height-default elementor-section-height-default\" data-id=\"4fd55a8c\" data-element_type=\"section\">\n\t\t\t\t\t\t<div class=\"elementor-container elementor-column-gap-no\">\n\t\t\t\t\t<div class=\"elementor-column elementor-col-100 elementor-inner-column elementor-element elementor-element-1f355181\" data-id=\"1f355181\" data-element_type=\"column\">\n\t\t\t<div class=\"elementor-widget-wrap elementor-element-populated\">\n\t\t\t\t\t\t\t\t<div class=\"elementor-element elementor-element-1fde449c elementor-widget elementor-widget-image\" data-id=\"1fde449c\" data-element_type=\"widget\" data-widget_type=\"image.default\">\n\t\t\t\t<div class=\"elementor-widget-container\">\n\t\t\t<style>\/*! elementor - v3.5.6 - 28-02-2022 *\/\n.elementor-widget-image{text-align:center}.elementor-widget-image a{display:inline-block}.elementor-widget-image a img[src$=\".svg\"]{width:48px}.elementor-widget-image img{vertical-align:middle;display:inline-block}<\/style>\t\t\t\t\t\t\t\t\t\t\t\t<img loading=\"lazy\" decoding=\"async\" width=\"1024\" height=\"851\" src=\"http:\/\/www.batuhanambalaj.com\/wp-content\/uploads\/2022\/03\/bebek-ambalaji-1024x851.jpg\" class=\"attachment-large size-large\" alt=\"\" srcset=\"http:\/\/www.batuhanambalaj.com\/wp-content\/uploads\/2022\/03\/bebek-ambalaji-1024x851.jpg 1024w, http:\/\/www.batuhanambalaj.com\/wp-content\/uploads\/2022\/03\/bebek-ambalaji-300x249.jpg 300w, http:\/\/www.batuhanambalaj.com\/wp-content\/uploads\/2022\/03\/bebek-ambalaji-768x638.jpg 768w, http:\/\/www.batuhanambalaj.com\/wp-content\/uploads\/2022\/03\/bebek-ambalaji-1536x1276.jpg 1536w, http:\/\/www.batuhanambalaj.com\/wp-content\/uploads\/2022\/03\/bebek-ambalaji-2048x1701.jpg 2048w\" sizes=\"auto, (max-width: 1024px) 100vw, 1024px\" \/>\t\t\t\t\t\t\t\t\t\t\t\t\t\t\t<\/div>\n\t\t\t\t<\/div>\n\t\t\t\t\t<\/div>\n\t\t<\/div>\n\t\t\t\t\t\t\t<\/div>\n\t\t<\/section>\n\t\t\t\t\t<\/div>\n\t\t<\/div>\n\t\t\t\t<div class=\"elementor-column elementor-col-33 elementor-top-column elementor-element elementor-element-741d6889\" data-id=\"741d6889\" data-element_type=\"column\">\n\t\t\t<div class=\"elementor-widget-wrap elementor-element-populated\">\n\t\t\t\t\t\t\t\t<section class=\"elementor-section elementor-inner-section elementor-element elementor-element-4353b1af elementor-section-boxed elementor-section-height-default elementor-section-height-default\" data-id=\"4353b1af\" data-element_type=\"section\">\n\t\t\t\t\t\t<div class=\"elementor-container elementor-column-gap-no\">\n\t\t\t\t\t<div class=\"elementor-column elementor-col-100 elementor-inner-column elementor-element elementor-element-451ea7d2\" data-id=\"451ea7d2\" data-element_type=\"column\">\n\t\t\t<div class=\"elementor-widget-wrap elementor-element-populated\">\n\t\t\t\t\t\t\t\t<div class=\"elementor-element elementor-element-600754d gyan-menu-list-vertical elementor-widget elementor-widget-gyan_menu_list\" data-id=\"600754d\" data-element_type=\"widget\" data-widget_type=\"gyan_menu_list.default\">\n\t\t\t\t<div class=\"elementor-widget-container\">\n\t\t\t<div class=\"gyan-menu-list\"><div class=\"menu-our-services-container\"><ul id=\"menu-our-services\" class=\"gyan-menu-list-item gyan-ease-transition\"><li id=\"menu-item-1651\" class=\"menu-item menu-item-type-post_type menu-item-object-page menu-item-1651\"><a href=\"http:\/\/www.batuhanambalaj.com\/index.php\/gida-ambalajlari\/\">G\u0131da Ambalajlar\u0131<\/a><\/li>\n<li id=\"menu-item-1648\" class=\"menu-item menu-item-type-post_type menu-item-object-page menu-item-1648\"><a href=\"http:\/\/www.batuhanambalaj.com\/index.php\/bebek-bakim-urunleri\/\">Bebek Bak\u0131m \u00dcr\u00fcnleri<\/a><\/li>\n<li id=\"menu-item-1647\" class=\"menu-item menu-item-type-post_type menu-item-object-page menu-item-1647\"><a href=\"http:\/\/www.batuhanambalaj.com\/index.php\/kahve-icecek-ambalajlari\/\">Kahve \u0130\u00e7ecek Ambalajlar\u0131<\/a><\/li>\n<li id=\"menu-item-1649\" class=\"menu-item menu-item-type-post_type menu-item-object-page menu-item-1649\"><a href=\"http:\/\/www.batuhanambalaj.com\/index.php\/petshop-ambalajlari\/\">Petshop Ambalajlar\u0131<\/a><\/li>\n<li id=\"menu-item-1650\" class=\"menu-item menu-item-type-post_type menu-item-object-page menu-item-1650\"><a href=\"http:\/\/www.batuhanambalaj.com\/index.php\/hazir-stok-urunler\/\">Haz\u0131r &#8211; Stok \u00dcr\u00fcnler<\/a><\/li>\n<\/ul><\/div><\/div>\t\t<\/div>\n\t\t\t\t<\/div>\n\t\t\t\t\t<\/div>\n\t\t<\/div>\n\t\t\t\t\t\t\t<\/div>\n\t\t<\/section>\n\t\t\t\t<section class=\"elementor-section elementor-inner-section elementor-element elementor-element-6b9ec76c elementor-section-boxed elementor-section-height-default elementor-section-height-default\" data-id=\"6b9ec76c\" data-element_type=\"section\">\n\t\t\t\t\t\t<div class=\"elementor-container elementor-column-gap-default\">\n\t\t\t\t\t<div class=\"elementor-column elementor-col-100 elementor-inner-column elementor-element elementor-element-58ec3dba\" data-id=\"58ec3dba\" data-element_type=\"column\" data-settings=\"{&quot;background_background&quot;:&quot;classic&quot;}\">\n\t\t\t<div class=\"elementor-widget-wrap elementor-element-populated\">\n\t\t\t\t\t\t\t\t<div class=\"elementor-element elementor-element-4bc082d0 gyan-infobox-position-top gyan-infobox-center-no gyan-infobox-align-center gyan-hover-animation-none gyan-animation-box-fade elementor-widget elementor-widget-gyan_info_box\" data-id=\"4bc082d0\" data-element_type=\"widget\" data-widget_type=\"gyan_info_box.default\">\n\t\t\t\t<div class=\"elementor-widget-container\">\n\t\t\t\n\t\t<div class=\"gyan-info-box gyan-animation-box gyan-ease-transition\">\n\n\t\t\t\n\t\t\t\n\t\t\t\t<div class=\"gyan-infobox-icon-holder gyan-ease-transition\">\n\n\t\t\t\t\t\n\t\t\t\t\t\n\t\t\t\t\t\n\t\t\t\t\t\t\t\t\t\t\t<span class=\"gyan-infobox-image\">\n\t\t\t\t\t\t\t<img loading=\"lazy\" decoding=\"async\" width=\"53\" height=\"53\" src=\"http:\/\/www.batuhanambalaj.com\/wp-content\/uploads\/2021\/03\/icon-call.png\" class=\"attachment-full size-full\" alt=\"\" \/>\t\t\t\t\t\t<\/span>\n\t\t\t\t\t\n\t\t\t\t\t\n\t\t\t\t<\/div>\n\n\t\t\t\n\t\t\t<div class=\"gyan-infobox-content-holder\">\n\n\t\t\t\t\n\t\t\t\t\t<h4 class=\"gyan-infobox-title gyan-ease-transition\">\n\t\t\t\t\t\t\t\t\t\t\t\tBizimle ileti\u015fime ge\u00e7ebilirsiniz.\t\t\t\t\t\t\t\t\t\t\t<\/h4>\n\n\t\t\t\t\n\t\t\t\t\n\t\t\t\t\n\t\t\t\t\t<h5 class=\"gyan-infobox-content gyan-ease-transition\">\n\t\t\t\t\t\t0312 385 1718\t\t\t\t\t<\/h5>\n\n\t\t\t\t\n\t\t\t\t\n\t\t\t\t<div class=\"clear\"><\/div>\n\t\t\t<\/div>\n\t\t<\/div>\n\t\t\t<\/div>\n\t\t\t\t<\/div>\n\t\t\t\t<div class=\"elementor-element elementor-element-6c52e3b3 elementor-widget elementor-widget-heading\" data-id=\"6c52e3b3\" data-element_type=\"widget\" data-widget_type=\"heading.default\">\n\t\t\t\t<div class=\"elementor-widget-container\">\n\t\t\t<style>\/*! elementor - v3.5.6 - 28-02-2022 *\/\n.elementor-heading-title{padding:0;margin:0;line-height:1}.elementor-widget-heading .elementor-heading-title[class*=elementor-size-]>a{color:inherit;font-size:inherit;line-height:inherit}.elementor-widget-heading .elementor-heading-title.elementor-size-small{font-size:15px}.elementor-widget-heading .elementor-heading-title.elementor-size-medium{font-size:19px}.elementor-widget-heading .elementor-heading-title.elementor-size-large{font-size:29px}.elementor-widget-heading .elementor-heading-title.elementor-size-xl{font-size:39px}.elementor-widget-heading .elementor-heading-title.elementor-size-xxl{font-size:59px}<\/style><h2 class=\"elementor-heading-title elementor-size-default\"><a href=\"mailto:batuhan@batuhanambalaj.com\">batuhan@batuhanambalaj.com<\/a><\/h2>\t\t<\/div>\n\t\t\t\t<\/div>\n\t\t\t\t\t<\/div>\n\t\t<\/div>\n\t\t\t\t\t\t\t<\/div>\n\t\t<\/section>\n\t\t\t\t\t<\/div>\n\t\t<\/div>\n\t\t\t\t\t\t\t<\/div>\n\t\t<\/section>\n\t\t\t\t\t\t<\/div>\n\t\t\t\t\t<\/div>\n\t\t","protected":false},"excerpt":{"rendered":"<p>Bebek Bak\u0131m \u00dcr\u00fcnleri Doypack ambalaj di\u011fer ad\u0131yla \u015eeffaf torba olarak en \u00e7ok tercih edilen ambalaj modellerini yukar\u0131daki se\u00e7eneklerden detayl\u0131 olarak inceleyebilirsiniz. \u015eeffaf po\u015fet ambalajlar\u0131 genellikle baharat, kuruyemi\u015f, bitki \u00e7aylar\u0131 , kurutulmu\u015f meyveler gibi \u00fcr\u00fcnlerde tercih edilmektedir. G\u0131da Ambalajlar\u0131 Bebek Bak\u0131m \u00dcr\u00fcnleri Kahve \u0130\u00e7ecek Ambalajlar\u0131 Petshop Ambalajlar\u0131 Haz\u0131r &#8211; Stok \u00dcr\u00fcnler [&hellip;]<\/p>\n","protected":false},"author":1,"featured_media":0,"parent":0,"menu_order":0,"comment_status":"closed","ping_status":"closed","template":"elementor_header_footer","meta":{"footnotes":""},"class_list":["post-1591","page","type-page","status-publish","hentry"],"_links":{"self":[{"href":"http:\/\/www.batuhanambalaj.com\/index.php\/wp-json\/wp\/v2\/pages\/1591","targetHints":{"allow":["GET"]}}],"collection":[{"href":"http:\/\/www.batuhanambalaj.com\/index.php\/wp-json\/wp\/v2\/pages"}],"about":[{"href":"http:\/\/www.batuhanambalaj.com\/index.php\/wp-json\/wp\/v2\/types\/page"}],"author":[{"embeddable":true,"href":"http:\/\/www.batuhanambalaj.com\/index.php\/wp-json\/wp\/v2\/users\/1"}],"replies":[{"embeddable":true,"href":"http:\/\/www.batuhanambalaj.com\/index.php\/wp-json\/wp\/v2\/comments?post=1591"}],"version-history":[{"count":17,"href":"http:\/\/www.batuhanambalaj.com\/index.php\/wp-json\/wp\/v2\/pages\/1591\/revisions"}],"predecessor-version":[{"id":4663,"href":"http:\/\/www.batuhanambalaj.com\/index.php\/wp-json\/wp\/v2\/pages\/1591\/revisions\/4663"}],"wp:attachment":[{"href":"http:\/\/www.batuhanambalaj.com\/index.php\/wp-json\/wp\/v2\/media?parent=1591"}],"curies":[{"name":"wp","href":"https:\/\/api.w.org\/{rel}","templated":true}]}}