{"id":1592,"date":"2021-03-30T19:06:14","date_gmt":"2021-03-30T16:06:14","guid":{"rendered":""},"modified":"2022-07-20T19:51:50","modified_gmt":"2022-07-20T16:51:50","slug":"hazir-stok-urunler","status":"publish","type":"page","link":"https:\/\/www.batuhanambalaj.com\/index.php\/hazir-stok-urunler\/","title":{"rendered":"Haz\u0131r &#8211; Stok \u00dcr\u00fcnler"},"content":{"rendered":"\t\t<div data-elementor-type=\"wp-page\" data-elementor-id=\"1592\" class=\"elementor elementor-1592\" data-elementor-settings=\"[]\">\n\t\t\t\t\t\t\t<div class=\"elementor-section-wrap\">\n\t\t\t\t\t\t\t<section class=\"elementor-section elementor-top-section elementor-element elementor-element-2663da2c elementor-section-stretched elementor-section-boxed elementor-section-height-default elementor-section-height-default\" data-id=\"2663da2c\" data-element_type=\"section\" data-settings=\"{&quot;stretch_section&quot;:&quot;section-stretched&quot;}\">\n\t\t\t\t\t\t<div class=\"elementor-container elementor-column-gap-no\">\n\t\t\t\t\t<div class=\"elementor-column elementor-col-66 elementor-top-column elementor-element elementor-element-38ae0e06\" data-id=\"38ae0e06\" data-element_type=\"column\">\n\t\t\t<div class=\"elementor-widget-wrap elementor-element-populated\">\n\t\t\t\t\t\t\t\t<section class=\"elementor-section elementor-inner-section elementor-element elementor-element-f8352c8 elementor-section-boxed elementor-section-height-default elementor-section-height-default\" data-id=\"f8352c8\" data-element_type=\"section\">\n\t\t\t\t\t\t<div class=\"elementor-container elementor-column-gap-no\">\n\t\t\t\t\t<div class=\"elementor-column elementor-col-100 elementor-inner-column elementor-element elementor-element-687aa656\" data-id=\"687aa656\" data-element_type=\"column\">\n\t\t\t<div class=\"elementor-widget-wrap elementor-element-populated\">\n\t\t\t\t\t\t\t\t<div class=\"elementor-element elementor-element-2fb41f2f gyan-title-desc-left elementor-widget elementor-widget-gyan_title\" data-id=\"2fb41f2f\" data-element_type=\"widget\" data-widget_type=\"gyan_title.default\">\n\t\t\t\t<div class=\"elementor-widget-container\">\n\t\t\t\t\t<div class=\"gyan-title\">\r\n\t\t\t<h2 class=\"gyan-title-heading\">Haz\u0131r \u2013 Stok \u00dcr\u00fcnler<\/h2><div class=\"gyan-title-desc\">Stoklu \u00fcr\u00fcnler; \u015f\u0131k g\u00f6r\u00fcn\u00fcm\u00fcyle, asil, zarif duru\u015flu, az adetli alabilece\u011finiz ambalajlard\u0131r.\n<br><br>\nSat\u0131\u015f s\u00fcreklili\u011fini sa\u011flamak ad\u0131na, de\u011fi\u015fik malzeme yap\u0131s\u0131 ve \u00f6l\u00e7\u00fc alternatifleri ve po\u015fet tiplerini s\u00fcrekli stoklar\u0131m\u0131zda bulundurmaktay\u0131z.\n<br><br>\nD\u00fc\u015f\u00fck miktarlarda da sat\u0131\u015fa sunulabilen Kraft, Aluminyum, \u015eeffaf torbalar k\u0131sa zamanda piyasada \u00fcr\u00fcnlerinizi ve markalar\u0131n\u0131z\u0131 tan\u0131tman\u0131za yard\u0131mc\u0131 olacakt\u0131r.\n<br><br>\nAyakta duran ambalajlar\u0131m\u0131z, kilitli doypak ile alttan ve yandan k\u00f6r\u00fckl\u00fc torba alternatiflerinde mevcuttur.\n<br><br>\n\u00dcst bask\u0131 teknolojimizle diledi\u011finiz marka veya dizayn\u0131 uygulay\u0131p sizi m\u00fc\u015fterilerinizle k\u0131sa s\u00fcrede tan\u0131\u015ft\u0131r\u0131yoruz. Bu sayede sizleri etiket ve benzeri uygulamalardan kurtar\u0131p markala\u015fman\u0131z\u0131 kolayla\u015ft\u0131r\u0131yoruz.\n<br><br>\nKraft, Pencereli Kraft, Aluminyum ve \u015fefaff ayakta duran ambalajlar (doypak ve Alt, yan k\u00f6r\u00fckl\u00fc ambalajlar) raflarda oldu\u011fu gibi \u015feffaf y\u00fcz\u00fcyle de vitrinlerinizde bir\u00e7ok \u00fcr\u00fcn\u00fcn\u00fcz\u00fcn g\u00f6rsel tan\u0131t\u0131m\u0131na yard\u0131mc\u0131 olacakt\u0131r.\n<br><br>\nAmbalajlar\u0131m\u0131z, a\u00e7 kapa kilit (zipper) ve telli kapatma \u00f6zellikleriyle \u00fcr\u00fcn\u00fcn tazeli\u011fini korumaktad\u0131r. Bir\u00e7ok sefer daha \u00fcr\u00fcn\u00fcn mutfaklarda t\u00fcketilebilece\u011finin alg\u0131s\u0131 yarat\u0131larak talepleri h\u0131zland\u0131racakt\u0131r.<\/div>\t\t<\/div>\r\n\t\t\t\t<\/div>\n\t\t\t\t<\/div>\n\t\t\t\t\t<\/div>\n\t\t<\/div>\n\t\t\t\t\t\t\t<\/div>\n\t\t<\/section>\n\t\t\t\t<section class=\"elementor-section elementor-inner-section elementor-element elementor-element-7655e950 elementor-section-boxed elementor-section-height-default elementor-section-height-default\" data-id=\"7655e950\" data-element_type=\"section\">\n\t\t\t\t\t\t<div class=\"elementor-container elementor-column-gap-no\">\n\t\t\t\t\t<div class=\"elementor-column elementor-col-100 elementor-inner-column elementor-element elementor-element-5d4698a4\" data-id=\"5d4698a4\" data-element_type=\"column\">\n\t\t\t<div class=\"elementor-widget-wrap elementor-element-populated\">\n\t\t\t\t\t\t\t\t<div class=\"elementor-element elementor-element-5d0813c3 elementor-widget elementor-widget-image\" data-id=\"5d0813c3\" data-element_type=\"widget\" data-widget_type=\"image.default\">\n\t\t\t\t<div class=\"elementor-widget-container\">\n\t\t\t<style>\/*! elementor - v3.5.6 - 28-02-2022 *\/\n.elementor-widget-image{text-align:center}.elementor-widget-image a{display:inline-block}.elementor-widget-image a img[src$=\".svg\"]{width:48px}.elementor-widget-image img{vertical-align:middle;display:inline-block}<\/style>\t\t\t\t\t\t\t\t\t\t\t\t<img loading=\"lazy\" decoding=\"async\" width=\"1024\" height=\"1024\" src=\"https:\/\/www.batuhanambalaj.com\/wp-content\/uploads\/2022\/07\/DAMLA-CIKO-1024x1024.jpg\" class=\"attachment-large size-large\" alt=\"\" srcset=\"https:\/\/www.batuhanambalaj.com\/wp-content\/uploads\/2022\/07\/DAMLA-CIKO-1024x1024.jpg 1024w, https:\/\/www.batuhanambalaj.com\/wp-content\/uploads\/2022\/07\/DAMLA-CIKO-300x300.jpg 300w, https:\/\/www.batuhanambalaj.com\/wp-content\/uploads\/2022\/07\/DAMLA-CIKO-150x150.jpg 150w, https:\/\/www.batuhanambalaj.com\/wp-content\/uploads\/2022\/07\/DAMLA-CIKO-768x768.jpg 768w, https:\/\/www.batuhanambalaj.com\/wp-content\/uploads\/2022\/07\/DAMLA-CIKO-1536x1536.jpg 1536w, https:\/\/www.batuhanambalaj.com\/wp-content\/uploads\/2022\/07\/DAMLA-CIKO-90x90.jpg 90w, https:\/\/www.batuhanambalaj.com\/wp-content\/uploads\/2022\/07\/DAMLA-CIKO-670x670.jpg 670w, https:\/\/www.batuhanambalaj.com\/wp-content\/uploads\/2022\/07\/DAMLA-CIKO.jpg 1800w\" sizes=\"auto, (max-width: 1024px) 100vw, 1024px\" \/>\t\t\t\t\t\t\t\t\t\t\t\t\t\t\t<\/div>\n\t\t\t\t<\/div>\n\t\t\t\t\t<\/div>\n\t\t<\/div>\n\t\t\t\t\t\t\t<\/div>\n\t\t<\/section>\n\t\t\t\t\t<\/div>\n\t\t<\/div>\n\t\t\t\t<div class=\"elementor-column elementor-col-33 elementor-top-column elementor-element elementor-element-6556041f\" data-id=\"6556041f\" data-element_type=\"column\">\n\t\t\t<div class=\"elementor-widget-wrap elementor-element-populated\">\n\t\t\t\t\t\t\t\t<section class=\"elementor-section elementor-inner-section elementor-element elementor-element-2128b45c elementor-section-boxed elementor-section-height-default elementor-section-height-default\" data-id=\"2128b45c\" data-element_type=\"section\">\n\t\t\t\t\t\t<div class=\"elementor-container elementor-column-gap-no\">\n\t\t\t\t\t<div class=\"elementor-column elementor-col-100 elementor-inner-column elementor-element elementor-element-31b855a5\" data-id=\"31b855a5\" data-element_type=\"column\">\n\t\t\t<div class=\"elementor-widget-wrap elementor-element-populated\">\n\t\t\t\t\t\t\t\t<div class=\"elementor-element elementor-element-471718db gyan-menu-list-vertical elementor-widget elementor-widget-gyan_menu_list\" data-id=\"471718db\" data-element_type=\"widget\" data-widget_type=\"gyan_menu_list.default\">\n\t\t\t\t<div class=\"elementor-widget-container\">\n\t\t\t<div class=\"gyan-menu-list\"><div class=\"menu-our-services-container\"><ul id=\"menu-our-services\" class=\"gyan-menu-list-item gyan-ease-transition\"><li id=\"menu-item-1651\" class=\"menu-item menu-item-type-post_type menu-item-object-page menu-item-1651\"><a href=\"https:\/\/www.batuhanambalaj.com\/index.php\/gida-ambalajlari\/\">G\u0131da Ambalajlar\u0131<\/a><\/li>\n<li id=\"menu-item-1648\" class=\"menu-item menu-item-type-post_type menu-item-object-page menu-item-1648\"><a href=\"https:\/\/www.batuhanambalaj.com\/index.php\/bebek-bakim-urunleri\/\">Bebek Bak\u0131m \u00dcr\u00fcnleri<\/a><\/li>\n<li id=\"menu-item-1647\" class=\"menu-item menu-item-type-post_type menu-item-object-page menu-item-1647\"><a href=\"https:\/\/www.batuhanambalaj.com\/index.php\/kahve-icecek-ambalajlari\/\">Kahve \u0130\u00e7ecek Ambalajlar\u0131<\/a><\/li>\n<li id=\"menu-item-1649\" class=\"menu-item menu-item-type-post_type menu-item-object-page menu-item-1649\"><a href=\"https:\/\/www.batuhanambalaj.com\/index.php\/petshop-ambalajlari\/\">Petshop Ambalajlar\u0131<\/a><\/li>\n<li id=\"menu-item-1650\" class=\"menu-item menu-item-type-post_type menu-item-object-page menu-item-1650\"><a href=\"https:\/\/www.batuhanambalaj.com\/index.php\/hazir-stok-urunler\/\">Haz\u0131r &#8211; Stok \u00dcr\u00fcnler<\/a><\/li>\n<\/ul><\/div><\/div>\t\t<\/div>\n\t\t\t\t<\/div>\n\t\t\t\t\t<\/div>\n\t\t<\/div>\n\t\t\t\t\t\t\t<\/div>\n\t\t<\/section>\n\t\t\t\t<section class=\"elementor-section elementor-inner-section elementor-element elementor-element-33a27f67 elementor-section-boxed elementor-section-height-default elementor-section-height-default\" data-id=\"33a27f67\" data-element_type=\"section\">\n\t\t\t\t\t\t<div class=\"elementor-container elementor-column-gap-default\">\n\t\t\t\t\t<div class=\"elementor-column elementor-col-100 elementor-inner-column elementor-element elementor-element-132978a6\" data-id=\"132978a6\" data-element_type=\"column\" data-settings=\"{&quot;background_background&quot;:&quot;classic&quot;}\">\n\t\t\t<div class=\"elementor-widget-wrap elementor-element-populated\">\n\t\t\t\t\t\t\t\t<div class=\"elementor-element elementor-element-569a6ba3 gyan-infobox-position-top gyan-infobox-center-no gyan-infobox-align-center gyan-hover-animation-none gyan-animation-box-fade elementor-widget elementor-widget-gyan_info_box\" data-id=\"569a6ba3\" data-element_type=\"widget\" data-widget_type=\"gyan_info_box.default\">\n\t\t\t\t<div class=\"elementor-widget-container\">\n\t\t\t\n\t\t<div class=\"gyan-info-box gyan-animation-box gyan-ease-transition\">\n\n\t\t\t\n\t\t\t\n\t\t\t\t<div class=\"gyan-infobox-icon-holder gyan-ease-transition\">\n\n\t\t\t\t\t\n\t\t\t\t\t\n\t\t\t\t\t\n\t\t\t\t\t\t\t\t\t\t\t<span class=\"gyan-infobox-image\">\n\t\t\t\t\t\t\t<img loading=\"lazy\" decoding=\"async\" width=\"53\" height=\"53\" src=\"https:\/\/www.batuhanambalaj.com\/wp-content\/uploads\/2021\/03\/icon-call.png\" class=\"attachment-full size-full\" alt=\"\" \/>\t\t\t\t\t\t<\/span>\n\t\t\t\t\t\n\t\t\t\t\t\n\t\t\t\t<\/div>\n\n\t\t\t\n\t\t\t<div class=\"gyan-infobox-content-holder\">\n\n\t\t\t\t\n\t\t\t\t\t<h4 class=\"gyan-infobox-title gyan-ease-transition\">\n\t\t\t\t\t\t\t\t\t\t\t\tBizimle ileti\u015fime ge\u00e7ebilirsiniz.\t\t\t\t\t\t\t\t\t\t\t<\/h4>\n\n\t\t\t\t\n\t\t\t\t\n\t\t\t\t\n\t\t\t\t\t<h5 class=\"gyan-infobox-content gyan-ease-transition\">\n\t\t\t\t\t\t0312 385 1718\t\t\t\t\t<\/h5>\n\n\t\t\t\t\n\t\t\t\t\n\t\t\t\t<div class=\"clear\"><\/div>\n\t\t\t<\/div>\n\t\t<\/div>\n\t\t\t<\/div>\n\t\t\t\t<\/div>\n\t\t\t\t<div class=\"elementor-element elementor-element-4ffc3a54 elementor-widget elementor-widget-heading\" data-id=\"4ffc3a54\" data-element_type=\"widget\" data-widget_type=\"heading.default\">\n\t\t\t\t<div class=\"elementor-widget-container\">\n\t\t\t<style>\/*! elementor - v3.5.6 - 28-02-2022 *\/\n.elementor-heading-title{padding:0;margin:0;line-height:1}.elementor-widget-heading .elementor-heading-title[class*=elementor-size-]>a{color:inherit;font-size:inherit;line-height:inherit}.elementor-widget-heading .elementor-heading-title.elementor-size-small{font-size:15px}.elementor-widget-heading .elementor-heading-title.elementor-size-medium{font-size:19px}.elementor-widget-heading .elementor-heading-title.elementor-size-large{font-size:29px}.elementor-widget-heading .elementor-heading-title.elementor-size-xl{font-size:39px}.elementor-widget-heading .elementor-heading-title.elementor-size-xxl{font-size:59px}<\/style><h2 class=\"elementor-heading-title elementor-size-default\"><a href=\"mailto:batuhan@batuhanambalaj.com\">batuhan@batuhanambalaj.com<\/a><\/h2>\t\t<\/div>\n\t\t\t\t<\/div>\n\t\t\t\t\t<\/div>\n\t\t<\/div>\n\t\t\t\t\t\t\t<\/div>\n\t\t<\/section>\n\t\t\t\t\t<\/div>\n\t\t<\/div>\n\t\t\t\t\t\t\t<\/div>\n\t\t<\/section>\n\t\t\t\t\t\t<\/div>\n\t\t\t\t\t<\/div>\n\t\t","protected":false},"excerpt":{"rendered":"<p>Haz\u0131r \u2013 Stok \u00dcr\u00fcnler Stoklu \u00fcr\u00fcnler; \u015f\u0131k g\u00f6r\u00fcn\u00fcm\u00fcyle, asil, zarif duru\u015flu, az adetli alabilece\u011finiz ambalajlard\u0131r. Sat\u0131\u015f s\u00fcreklili\u011fini sa\u011flamak ad\u0131na, de\u011fi\u015fik malzeme yap\u0131s\u0131 ve \u00f6l\u00e7\u00fc alternatifleri ve po\u015fet tiplerini s\u00fcrekli stoklar\u0131m\u0131zda bulundurmaktay\u0131z. D\u00fc\u015f\u00fck miktarlarda da sat\u0131\u015fa sunulabilen Kraft, Aluminyum, \u015eeffaf torbalar k\u0131sa zamanda piyasada \u00fcr\u00fcnlerinizi ve markalar\u0131n\u0131z\u0131 tan\u0131tman\u0131za yard\u0131mc\u0131 olacakt\u0131r. Ayakta [&hellip;]<\/p>\n","protected":false},"author":1,"featured_media":0,"parent":0,"menu_order":0,"comment_status":"closed","ping_status":"closed","template":"elementor_header_footer","meta":{"footnotes":""},"class_list":["post-1592","page","type-page","status-publish","hentry"],"_links":{"self":[{"href":"https:\/\/www.batuhanambalaj.com\/index.php\/wp-json\/wp\/v2\/pages\/1592","targetHints":{"allow":["GET"]}}],"collection":[{"href":"https:\/\/www.batuhanambalaj.com\/index.php\/wp-json\/wp\/v2\/pages"}],"about":[{"href":"https:\/\/www.batuhanambalaj.com\/index.php\/wp-json\/wp\/v2\/types\/page"}],"author":[{"embeddable":true,"href":"https:\/\/www.batuhanambalaj.com\/index.php\/wp-json\/wp\/v2\/users\/1"}],"replies":[{"embeddable":true,"href":"https:\/\/www.batuhanambalaj.com\/index.php\/wp-json\/wp\/v2\/comments?post=1592"}],"version-history":[{"count":23,"href":"https:\/\/www.batuhanambalaj.com\/index.php\/wp-json\/wp\/v2\/pages\/1592\/revisions"}],"predecessor-version":[{"id":4364,"href":"https:\/\/www.batuhanambalaj.com\/index.php\/wp-json\/wp\/v2\/pages\/1592\/revisions\/4364"}],"wp:attachment":[{"href":"https:\/\/www.batuhanambalaj.com\/index.php\/wp-json\/wp\/v2\/media?parent=1592"}],"curies":[{"name":"wp","href":"https:\/\/api.w.org\/{rel}","templated":true}]}}