{"id":1593,"date":"2021-03-30T19:06:36","date_gmt":"2021-03-30T16:06:36","guid":{"rendered":""},"modified":"2022-07-20T19:54:22","modified_gmt":"2022-07-20T16:54:22","slug":"kahve-icecek-ambalajlari","status":"publish","type":"page","link":"https:\/\/www.batuhanambalaj.com\/index.php\/kahve-icecek-ambalajlari\/","title":{"rendered":"Kahve \u0130\u00e7ecek Ambalajlar\u0131"},"content":{"rendered":"\t\t<div data-elementor-type=\"wp-page\" data-elementor-id=\"1593\" class=\"elementor elementor-1593\" data-elementor-settings=\"[]\">\n\t\t\t\t\t\t\t<div class=\"elementor-section-wrap\">\n\t\t\t\t\t\t\t<section class=\"elementor-section elementor-top-section elementor-element elementor-element-68889f5a elementor-section-stretched elementor-section-boxed elementor-section-height-default elementor-section-height-default\" data-id=\"68889f5a\" data-element_type=\"section\" data-settings=\"{&quot;stretch_section&quot;:&quot;section-stretched&quot;}\">\n\t\t\t\t\t\t<div class=\"elementor-container elementor-column-gap-no\">\n\t\t\t\t\t<div class=\"elementor-column elementor-col-66 elementor-top-column elementor-element elementor-element-72877f3c\" data-id=\"72877f3c\" data-element_type=\"column\">\n\t\t\t<div class=\"elementor-widget-wrap elementor-element-populated\">\n\t\t\t\t\t\t\t\t<div class=\"elementor-element elementor-element-17d27612 gyan-title-desc-left elementor-widget elementor-widget-gyan_title\" data-id=\"17d27612\" data-element_type=\"widget\" data-widget_type=\"gyan_title.default\">\n\t\t\t\t<div class=\"elementor-widget-container\">\n\t\t\t\t\t<div class=\"gyan-title\">\r\n\t\t\t<h2 class=\"gyan-title-heading\">Kahve \u0130\u00e7ecek Ambalajlar\u0131<\/h2><div class=\"gyan-title-desc\">Kahve, \u00e7ay, aktarlara konu bitkisel \u00fcr\u00fcnlerde ambalaj \u00f6nemli yer te\u015fkil eder, ambalaj \u00fcr\u00fcn\u00fcn sat\u0131\u015f\u0131n\u0131n s\u00fcreklili\u011fini sa\u011flama arac\u0131d\u0131r.\n<br><br>\nDo\u011fru malzeme se\u00e7imi, \u00e7ay\u0131n, kahvenin ve baharatlar\u0131n tad\u0131n\u0131n, aromas\u0131n\u0131n korunmas\u0131na yard\u0131mc\u0131 olur. \u00d6zel valflerimiz sayesinde kahvenin \u00fcretti\u011fi gazlar da d\u0131\u015far\u0131 at\u0131lmaktad\u0131r. Malzeme ve \u015fekil se\u00e7imine g\u00f6re \u00fcr\u00fcnleriniz, raflarda kendini g\u00f6sterecek k\u0131sa s\u00fcrede m\u00fc\u015fterilerinizin albenisini kazanacakt\u0131r. Alternatif \u00f6zel tasar\u0131ml\u0131 torbalar\u0131m\u0131zla ve \u00fcr\u00fcn\u00fcn\u00fcz\u00fcn aromas\u0131yla m\u00fc\u015fterilerinizin kalbini kazanacaks\u0131n\u0131z.<\/div>\t\t<\/div>\r\n\t\t\t\t<\/div>\n\t\t\t\t<\/div>\n\t\t\t\t<section class=\"elementor-section elementor-inner-section elementor-element elementor-element-4e0b0130 elementor-section-boxed elementor-section-height-default elementor-section-height-default\" data-id=\"4e0b0130\" data-element_type=\"section\">\n\t\t\t\t\t\t<div class=\"elementor-container elementor-column-gap-no\">\n\t\t\t\t\t<div class=\"elementor-column elementor-col-100 elementor-inner-column elementor-element elementor-element-24afd158\" data-id=\"24afd158\" data-element_type=\"column\">\n\t\t\t<div class=\"elementor-widget-wrap elementor-element-populated\">\n\t\t\t\t\t\t\t\t<div class=\"elementor-element elementor-element-56427e99 elementor-widget elementor-widget-image\" data-id=\"56427e99\" data-element_type=\"widget\" data-widget_type=\"image.default\">\n\t\t\t\t<div class=\"elementor-widget-container\">\n\t\t\t<style>\/*! elementor - v3.5.6 - 28-02-2022 *\/\n.elementor-widget-image{text-align:center}.elementor-widget-image a{display:inline-block}.elementor-widget-image a img[src$=\".svg\"]{width:48px}.elementor-widget-image img{vertical-align:middle;display:inline-block}<\/style>\t\t\t\t\t\t\t\t\t\t\t\t<img loading=\"lazy\" decoding=\"async\" width=\"1000\" height=\"1000\" src=\"https:\/\/www.batuhanambalaj.com\/wp-content\/uploads\/2022\/07\/coffee.jpg\" class=\"attachment-large size-large\" alt=\"\" srcset=\"https:\/\/www.batuhanambalaj.com\/wp-content\/uploads\/2022\/07\/coffee.jpg 1000w, https:\/\/www.batuhanambalaj.com\/wp-content\/uploads\/2022\/07\/coffee-300x300.jpg 300w, https:\/\/www.batuhanambalaj.com\/wp-content\/uploads\/2022\/07\/coffee-150x150.jpg 150w, https:\/\/www.batuhanambalaj.com\/wp-content\/uploads\/2022\/07\/coffee-768x768.jpg 768w, https:\/\/www.batuhanambalaj.com\/wp-content\/uploads\/2022\/07\/coffee-90x90.jpg 90w, https:\/\/www.batuhanambalaj.com\/wp-content\/uploads\/2022\/07\/coffee-670x670.jpg 670w\" sizes=\"auto, (max-width: 1000px) 100vw, 1000px\" \/>\t\t\t\t\t\t\t\t\t\t\t\t\t\t\t<\/div>\n\t\t\t\t<\/div>\n\t\t\t\t\t<\/div>\n\t\t<\/div>\n\t\t\t\t\t\t\t<\/div>\n\t\t<\/section>\n\t\t\t\t\t<\/div>\n\t\t<\/div>\n\t\t\t\t<div class=\"elementor-column elementor-col-33 elementor-top-column elementor-element elementor-element-86c1e33\" data-id=\"86c1e33\" data-element_type=\"column\">\n\t\t\t<div class=\"elementor-widget-wrap elementor-element-populated\">\n\t\t\t\t\t\t\t\t<section class=\"elementor-section elementor-inner-section elementor-element elementor-element-4e73396a elementor-section-boxed elementor-section-height-default elementor-section-height-default\" data-id=\"4e73396a\" data-element_type=\"section\">\n\t\t\t\t\t\t<div class=\"elementor-container elementor-column-gap-no\">\n\t\t\t\t\t<div class=\"elementor-column elementor-col-100 elementor-inner-column elementor-element elementor-element-68e1cb1b\" data-id=\"68e1cb1b\" data-element_type=\"column\">\n\t\t\t<div class=\"elementor-widget-wrap elementor-element-populated\">\n\t\t\t\t\t\t\t\t<div class=\"elementor-element elementor-element-3935a9dc gyan-menu-list-vertical elementor-widget elementor-widget-gyan_menu_list\" data-id=\"3935a9dc\" data-element_type=\"widget\" data-widget_type=\"gyan_menu_list.default\">\n\t\t\t\t<div class=\"elementor-widget-container\">\n\t\t\t<div class=\"gyan-menu-list\"><div class=\"menu-our-services-container\"><ul id=\"menu-our-services\" class=\"gyan-menu-list-item gyan-ease-transition\"><li id=\"menu-item-1651\" class=\"menu-item menu-item-type-post_type menu-item-object-page menu-item-1651\"><a href=\"https:\/\/www.batuhanambalaj.com\/index.php\/gida-ambalajlari\/\">G\u0131da Ambalajlar\u0131<\/a><\/li>\n<li id=\"menu-item-1648\" class=\"menu-item menu-item-type-post_type menu-item-object-page menu-item-1648\"><a href=\"https:\/\/www.batuhanambalaj.com\/index.php\/bebek-bakim-urunleri\/\">Bebek Bak\u0131m \u00dcr\u00fcnleri<\/a><\/li>\n<li id=\"menu-item-1647\" class=\"menu-item menu-item-type-post_type menu-item-object-page menu-item-1647\"><a href=\"https:\/\/www.batuhanambalaj.com\/index.php\/kahve-icecek-ambalajlari\/\">Kahve \u0130\u00e7ecek Ambalajlar\u0131<\/a><\/li>\n<li id=\"menu-item-1649\" class=\"menu-item menu-item-type-post_type menu-item-object-page menu-item-1649\"><a href=\"https:\/\/www.batuhanambalaj.com\/index.php\/petshop-ambalajlari\/\">Petshop Ambalajlar\u0131<\/a><\/li>\n<li id=\"menu-item-1650\" class=\"menu-item menu-item-type-post_type menu-item-object-page menu-item-1650\"><a href=\"https:\/\/www.batuhanambalaj.com\/index.php\/hazir-stok-urunler\/\">Haz\u0131r &#8211; Stok \u00dcr\u00fcnler<\/a><\/li>\n<\/ul><\/div><\/div>\t\t<\/div>\n\t\t\t\t<\/div>\n\t\t\t\t\t<\/div>\n\t\t<\/div>\n\t\t\t\t\t\t\t<\/div>\n\t\t<\/section>\n\t\t\t\t<section class=\"elementor-section elementor-inner-section elementor-element elementor-element-2cc77c35 elementor-section-boxed elementor-section-height-default elementor-section-height-default\" data-id=\"2cc77c35\" data-element_type=\"section\">\n\t\t\t\t\t\t<div class=\"elementor-container elementor-column-gap-default\">\n\t\t\t\t\t<div class=\"elementor-column elementor-col-100 elementor-inner-column elementor-element elementor-element-10b2527d\" data-id=\"10b2527d\" data-element_type=\"column\" data-settings=\"{&quot;background_background&quot;:&quot;classic&quot;}\">\n\t\t\t<div class=\"elementor-widget-wrap elementor-element-populated\">\n\t\t\t\t\t\t\t\t<div class=\"elementor-element elementor-element-5684fd9c gyan-infobox-position-top gyan-infobox-center-no gyan-infobox-align-center gyan-hover-animation-none gyan-animation-box-fade elementor-widget elementor-widget-gyan_info_box\" data-id=\"5684fd9c\" data-element_type=\"widget\" data-widget_type=\"gyan_info_box.default\">\n\t\t\t\t<div class=\"elementor-widget-container\">\n\t\t\t\n\t\t<div class=\"gyan-info-box gyan-animation-box gyan-ease-transition\">\n\n\t\t\t\n\t\t\t\n\t\t\t\t<div class=\"gyan-infobox-icon-holder gyan-ease-transition\">\n\n\t\t\t\t\t\n\t\t\t\t\t\t\t\t\t\t\t<a href=\"http:\/\/0312%20385%201718\" class=\"gyan-infobox-link\"><\/a>\n\t\t\t\t\t\n\t\t\t\t\t\n\t\t\t\t\t\t\t\t\t\t\t<span class=\"gyan-infobox-image\">\n\t\t\t\t\t\t\t<img loading=\"lazy\" decoding=\"async\" width=\"53\" height=\"53\" src=\"https:\/\/www.batuhanambalaj.com\/wp-content\/uploads\/2021\/03\/icon-call.png\" class=\"attachment-full size-full\" alt=\"\" \/>\t\t\t\t\t\t<\/span>\n\t\t\t\t\t\n\t\t\t\t\t\n\t\t\t\t<\/div>\n\n\t\t\t\n\t\t\t<div class=\"gyan-infobox-content-holder\">\n\n\t\t\t\t\n\t\t\t\t\t<h4 class=\"gyan-infobox-title gyan-ease-transition\">\n\t\t\t\t\t\t\t\t\t\t\t\t\t<a href=\"http:\/\/0312%20385%201718\" class=\"gyan-infobox-link\">\n\t\t\t\t\t\t\t\t\t\t\t\tBizimle ileti\u015fime ge\u00e7ebilirsiniz.\t\t\t\t\t\t\t\t\t\t\t\t\t<\/a>\n\t\t\t\t\t\t\t\t\t\t\t<\/h4>\n\n\t\t\t\t\n\t\t\t\t\n\t\t\t\t\n\t\t\t\t\t<h5 class=\"gyan-infobox-content gyan-ease-transition\">\n\t\t\t\t\t\t0312 385 1718\t\t\t\t\t<\/h5>\n\n\t\t\t\t\n\t\t\t\t\n\t\t\t\t<div class=\"clear\"><\/div>\n\t\t\t<\/div>\n\t\t<\/div>\n\t\t\t<\/div>\n\t\t\t\t<\/div>\n\t\t\t\t<div class=\"elementor-element elementor-element-45c78df4 elementor-widget elementor-widget-heading\" data-id=\"45c78df4\" data-element_type=\"widget\" data-widget_type=\"heading.default\">\n\t\t\t\t<div class=\"elementor-widget-container\">\n\t\t\t<style>\/*! elementor - v3.5.6 - 28-02-2022 *\/\n.elementor-heading-title{padding:0;margin:0;line-height:1}.elementor-widget-heading .elementor-heading-title[class*=elementor-size-]>a{color:inherit;font-size:inherit;line-height:inherit}.elementor-widget-heading .elementor-heading-title.elementor-size-small{font-size:15px}.elementor-widget-heading .elementor-heading-title.elementor-size-medium{font-size:19px}.elementor-widget-heading .elementor-heading-title.elementor-size-large{font-size:29px}.elementor-widget-heading .elementor-heading-title.elementor-size-xl{font-size:39px}.elementor-widget-heading .elementor-heading-title.elementor-size-xxl{font-size:59px}<\/style><h2 class=\"elementor-heading-title elementor-size-default\"><a href=\"mailto:batuhan@batuhanambalaj.com\">batuhan@batuhanambalaj.com<\/a><\/h2>\t\t<\/div>\n\t\t\t\t<\/div>\n\t\t\t\t\t<\/div>\n\t\t<\/div>\n\t\t\t\t\t\t\t<\/div>\n\t\t<\/section>\n\t\t\t\t\t<\/div>\n\t\t<\/div>\n\t\t\t\t\t\t\t<\/div>\n\t\t<\/section>\n\t\t\t\t\t\t<\/div>\n\t\t\t\t\t<\/div>\n\t\t","protected":false},"excerpt":{"rendered":"<p>Kahve \u0130\u00e7ecek Ambalajlar\u0131 Kahve, \u00e7ay, aktarlara konu bitkisel \u00fcr\u00fcnlerde ambalaj \u00f6nemli yer te\u015fkil eder, ambalaj \u00fcr\u00fcn\u00fcn sat\u0131\u015f\u0131n\u0131n s\u00fcreklili\u011fini sa\u011flama arac\u0131d\u0131r. Do\u011fru malzeme se\u00e7imi, \u00e7ay\u0131n, kahvenin ve baharatlar\u0131n tad\u0131n\u0131n, aromas\u0131n\u0131n korunmas\u0131na yard\u0131mc\u0131 olur. \u00d6zel valflerimiz sayesinde kahvenin \u00fcretti\u011fi gazlar da d\u0131\u015far\u0131 at\u0131lmaktad\u0131r. Malzeme ve \u015fekil se\u00e7imine g\u00f6re \u00fcr\u00fcnleriniz, raflarda kendini g\u00f6sterecek [&hellip;]<\/p>\n","protected":false},"author":1,"featured_media":0,"parent":0,"menu_order":0,"comment_status":"closed","ping_status":"closed","template":"elementor_header_footer","meta":{"footnotes":""},"class_list":["post-1593","page","type-page","status-publish","hentry"],"_links":{"self":[{"href":"https:\/\/www.batuhanambalaj.com\/index.php\/wp-json\/wp\/v2\/pages\/1593","targetHints":{"allow":["GET"]}}],"collection":[{"href":"https:\/\/www.batuhanambalaj.com\/index.php\/wp-json\/wp\/v2\/pages"}],"about":[{"href":"https:\/\/www.batuhanambalaj.com\/index.php\/wp-json\/wp\/v2\/types\/page"}],"author":[{"embeddable":true,"href":"https:\/\/www.batuhanambalaj.com\/index.php\/wp-json\/wp\/v2\/users\/1"}],"replies":[{"embeddable":true,"href":"https:\/\/www.batuhanambalaj.com\/index.php\/wp-json\/wp\/v2\/comments?post=1593"}],"version-history":[{"count":23,"href":"https:\/\/www.batuhanambalaj.com\/index.php\/wp-json\/wp\/v2\/pages\/1593\/revisions"}],"predecessor-version":[{"id":4368,"href":"https:\/\/www.batuhanambalaj.com\/index.php\/wp-json\/wp\/v2\/pages\/1593\/revisions\/4368"}],"wp:attachment":[{"href":"https:\/\/www.batuhanambalaj.com\/index.php\/wp-json\/wp\/v2\/media?parent=1593"}],"curies":[{"name":"wp","href":"https:\/\/api.w.org\/{rel}","templated":true}]}}