{"id":1601,"date":"2021-03-30T19:07:05","date_gmt":"2021-03-30T16:07:05","guid":{"rendered":"http:\/\/www.batuhanambalaj.com\/index.php\/about-us\/"},"modified":"2022-08-04T22:42:19","modified_gmt":"2022-08-04T19:42:19","slug":"hakkimizda","status":"publish","type":"page","link":"https:\/\/www.batuhanambalaj.com\/index.php\/hakkimizda\/","title":{"rendered":"Hakk\u0131m\u0131zda"},"content":{"rendered":"\t\t<div data-elementor-type=\"wp-page\" data-elementor-id=\"1601\" class=\"elementor elementor-1601\" data-elementor-settings=\"[]\">\n\t\t\t\t\t\t\t<div class=\"elementor-section-wrap\">\n\t\t\t\t\t\t\t<section class=\"elementor-section elementor-top-section elementor-element elementor-element-4218c7e1 elementor-section-stretched elementor-section-boxed elementor-section-height-default elementor-section-height-default\" data-id=\"4218c7e1\" data-element_type=\"section\" data-settings=\"{&quot;stretch_section&quot;:&quot;section-stretched&quot;,&quot;background_background&quot;:&quot;classic&quot;}\">\n\t\t\t\t\t\t\t<div class=\"elementor-background-overlay\"><\/div>\n\t\t\t\t\t\t\t<div class=\"elementor-container elementor-column-gap-no\">\n\t\t\t\t\t<div class=\"elementor-column elementor-col-100 elementor-top-column elementor-element elementor-element-65fe261d\" data-id=\"65fe261d\" data-element_type=\"column\">\n\t\t\t<div class=\"elementor-widget-wrap elementor-element-populated\">\n\t\t\t\t\t\t\t\t<section class=\"elementor-section elementor-inner-section elementor-element elementor-element-7751ef38 elementor-section-boxed elementor-section-height-default elementor-section-height-default\" data-id=\"7751ef38\" data-element_type=\"section\">\n\t\t\t\t\t\t<div class=\"elementor-container elementor-column-gap-no\">\n\t\t\t\t\t<div class=\"elementor-column elementor-col-50 elementor-inner-column elementor-element elementor-element-77f00b01\" data-id=\"77f00b01\" data-element_type=\"column\">\n\t\t\t<div class=\"elementor-widget-wrap elementor-element-populated\">\n\t\t\t\t\t\t\t\t<div class=\"elementor-element elementor-element-597dc15d gyan-title-st-line-after gyan-title-desc-left elementor-widget elementor-widget-gyan_title\" data-id=\"597dc15d\" data-element_type=\"widget\" data-widget_type=\"gyan_title.default\">\n\t\t\t\t<div class=\"elementor-widget-container\">\n\t\t\t\t\t<div class=\"gyan-title\">\r\n\t\t\t<div class=\"gyan-title-subtitle\"><span>Hakk\u0131m\u0131zda<\/span><\/div><h2 class=\"gyan-title-heading\">K\u0131sa Hikayemiz<\/h2><div class=\"gyan-title-desc\">Bug\u00fcn geldi\u011fimiz noktada i\u00e7inde bulundu\u011fu lokasyonda sekt\u00f6r\u00fcnde lider bir firma haline gelen Batuhan Ambalaj, m\u00fc\u015fterilerinin taleplerini zaman\u0131ndan \u00f6nce, kaliteden \u00f6d\u00fcn vermeden yerine getirmektedir. \u015eirketimizin Y\u00f6netim kadrosu ve \u00e7al\u0131\u015fanlar\u0131; kalitenin bireysel ba\u015far\u0131larla de\u011fil, t\u00fcm \u00e7al\u0131\u015fanlar\u0131n kat\u0131l\u0131m\u0131yla ger\u00e7ekle\u015ftirilece\u011finin ve bir ya\u015fam bi\u00e7imi oldu\u011funun bilincindedir.\n\u00dcretilen ambalajlar\u0131n, \u00fcr\u00fcnleri sadece t\u00fcketiciye ula\u015fana kadar korumas\u0131n\u0131 de\u011fil, \u00fcr\u00fcne de\u011fer katmas\u0131n\u0131 ve \u00fcr\u00fcn t\u00fcketildikten sonra dahi varl\u0131\u011f\u0131n\u0131 s\u00fcrd\u00fcrerek t\u00fcketici taraf\u0131ndan saklanmas\u0131n\u0131 hedefliyoruz.<\/div>\t\t<\/div>\r\n\t\t\t\t<\/div>\n\t\t\t\t<\/div>\n\t\t\t\t<div class=\"elementor-element elementor-element-66731fe7 elementor-widget elementor-widget-heading\" data-id=\"66731fe7\" data-element_type=\"widget\" data-widget_type=\"heading.default\">\n\t\t\t\t<div class=\"elementor-widget-container\">\n\t\t\t<style>\/*! elementor - v3.5.6 - 28-02-2022 *\/\n.elementor-heading-title{padding:0;margin:0;line-height:1}.elementor-widget-heading .elementor-heading-title[class*=elementor-size-]>a{color:inherit;font-size:inherit;line-height:inherit}.elementor-widget-heading .elementor-heading-title.elementor-size-small{font-size:15px}.elementor-widget-heading .elementor-heading-title.elementor-size-medium{font-size:19px}.elementor-widget-heading .elementor-heading-title.elementor-size-large{font-size:29px}.elementor-widget-heading .elementor-heading-title.elementor-size-xl{font-size:39px}.elementor-widget-heading .elementor-heading-title.elementor-size-xxl{font-size:59px}<\/style><h2 class=\"elementor-heading-title elementor-size-default\">Vizyonumuz<\/h2>\t\t<\/div>\n\t\t\t\t<\/div>\n\t\t\t\t<div class=\"elementor-element elementor-element-3830b8f7 elementor-widget elementor-widget-text-editor\" data-id=\"3830b8f7\" data-element_type=\"widget\" data-widget_type=\"text-editor.default\">\n\t\t\t\t<div class=\"elementor-widget-container\">\n\t\t\t<style>\/*! elementor - v3.5.6 - 28-02-2022 *\/\n.elementor-widget-text-editor.elementor-drop-cap-view-stacked .elementor-drop-cap{background-color:#818a91;color:#fff}.elementor-widget-text-editor.elementor-drop-cap-view-framed .elementor-drop-cap{color:#818a91;border:3px solid;background-color:transparent}.elementor-widget-text-editor:not(.elementor-drop-cap-view-default) .elementor-drop-cap{margin-top:8px}.elementor-widget-text-editor:not(.elementor-drop-cap-view-default) .elementor-drop-cap-letter{width:1em;height:1em}.elementor-widget-text-editor .elementor-drop-cap{float:left;text-align:center;line-height:1;font-size:50px}.elementor-widget-text-editor .elementor-drop-cap-letter{display:inline-block}<\/style>\t\t\t\t<p>\u00dcretilen ambalajlar\u0131n, \u00fcr\u00fcnleri sadece t\u00fcketiciye ula\u015fana kadar korumas\u0131n\u0131 de\u011fil, \u00fcr\u00fcne de\u011fer katmas\u0131n\u0131 ve \u00fcr\u00fcn t\u00fcketildikten sonra dahi varl\u0131\u011f\u0131n\u0131 s\u00fcrd\u00fcrerek t\u00fcketici taraf\u0131ndan saklanmas\u0131n\u0131 hedefliyoruz.<\/p>\t\t\t\t\t\t<\/div>\n\t\t\t\t<\/div>\n\t\t\t\t<div class=\"elementor-element elementor-element-1d0670aa elementor-widget elementor-widget-heading\" data-id=\"1d0670aa\" data-element_type=\"widget\" data-widget_type=\"heading.default\">\n\t\t\t\t<div class=\"elementor-widget-container\">\n\t\t\t<h2 class=\"elementor-heading-title elementor-size-default\">Misyonumuz<\/h2>\t\t<\/div>\n\t\t\t\t<\/div>\n\t\t\t\t<div class=\"elementor-element elementor-element-585f94e1 elementor-widget elementor-widget-text-editor\" data-id=\"585f94e1\" data-element_type=\"widget\" data-widget_type=\"text-editor.default\">\n\t\t\t\t<div class=\"elementor-widget-container\">\n\t\t\t\t\t\t\t<p>M\u00fc\u015fterilerimizin ihtiyac\u0131 olan uygulamalara, ebatlara, adetlere, g\u00f6rsellere ve s\u00fcrelere ba\u011fl\u0131 olarak alternatif \u00e7\u00f6z\u00fcmler sunarak pazarlar\u0131n geli\u015fmesine, kaynaklar\u0131n ve \u00fcr\u00fcnlerin bozulmamas\u0131na, \u00e7evrenin korunmas\u0131na hizmet ediyoruz.<\/p>\t\t\t\t\t\t<\/div>\n\t\t\t\t<\/div>\n\t\t\t\t<div class=\"elementor-element elementor-element-5d1d22e2 elementor-widget elementor-widget-button\" data-id=\"5d1d22e2\" data-element_type=\"widget\" data-widget_type=\"button.default\">\n\t\t\t\t<div class=\"elementor-widget-container\">\n\t\t\t\t\t<div class=\"elementor-button-wrapper\">\n\t\t\t<a href=\"https:\/\/www.batuhanambalaj.com\/index.php\/iletisim\/\" class=\"elementor-button-link elementor-button elementor-size-sm\" role=\"button\">\n\t\t\t\t\t\t<span class=\"elementor-button-content-wrapper\">\n\t\t\t\t\t\t<span class=\"elementor-button-text\">\u0130leti\u015fim<\/span>\n\t\t<\/span>\n\t\t\t\t\t<\/a>\n\t\t<\/div>\n\t\t\t\t<\/div>\n\t\t\t\t<\/div>\n\t\t\t\t<div class=\"elementor-element elementor-element-51301bb1 elementor-widget elementor-widget-image\" data-id=\"51301bb1\" data-element_type=\"widget\" data-widget_type=\"image.default\">\n\t\t\t\t<div class=\"elementor-widget-container\">\n\t\t\t<style>\/*! elementor - v3.5.6 - 28-02-2022 *\/\n.elementor-widget-image{text-align:center}.elementor-widget-image a{display:inline-block}.elementor-widget-image a img[src$=\".svg\"]{width:48px}.elementor-widget-image img{vertical-align:middle;display:inline-block}<\/style>\t\t\t\t\t\t\t\t\t\t\t\t<img loading=\"lazy\" decoding=\"async\" width=\"224\" height=\"189\" src=\"https:\/\/www.batuhanambalaj.com\/wp-content\/uploads\/2021\/03\/about-dot-curve.jpg\" class=\"attachment-large size-large\" alt=\"\" \/>\t\t\t\t\t\t\t\t\t\t\t\t\t\t\t<\/div>\n\t\t\t\t<\/div>\n\t\t\t\t\t<\/div>\n\t\t<\/div>\n\t\t\t\t<div class=\"elementor-column elementor-col-50 elementor-inner-column elementor-element elementor-element-34e7d723\" data-id=\"34e7d723\" data-element_type=\"column\">\n\t\t\t<div class=\"elementor-widget-wrap elementor-element-populated\">\n\t\t\t\t\t\t\t\t<div class=\"elementor-element elementor-element-8ba9baf elementor-widget elementor-widget-image\" data-id=\"8ba9baf\" data-element_type=\"widget\" data-widget_type=\"image.default\">\n\t\t\t\t<div class=\"elementor-widget-container\">\n\t\t\t\t\t\t\t\t\t\t\t\t\t\t\t<img loading=\"lazy\" decoding=\"async\" width=\"707\" height=\"819\" src=\"https:\/\/www.batuhanambalaj.com\/wp-content\/uploads\/2022\/04\/hakkimizda-3.jpg\" class=\"attachment-full size-full\" alt=\"\" srcset=\"https:\/\/www.batuhanambalaj.com\/wp-content\/uploads\/2022\/04\/hakkimizda-3.jpg 707w, https:\/\/www.batuhanambalaj.com\/wp-content\/uploads\/2022\/04\/hakkimizda-3-259x300.jpg 259w\" sizes=\"auto, (max-width: 707px) 100vw, 707px\" \/>\t\t\t\t\t\t\t\t\t\t\t\t\t\t\t<\/div>\n\t\t\t\t<\/div>\n\t\t\t\t\t<\/div>\n\t\t<\/div>\n\t\t\t\t\t\t\t<\/div>\n\t\t<\/section>\n\t\t\t\t\t<\/div>\n\t\t<\/div>\n\t\t\t\t\t\t\t<\/div>\n\t\t<\/section>\n\t\t\t\t<section class=\"elementor-section elementor-top-section elementor-element elementor-element-5b7ae10 elementor-section-stretched elementor-section-boxed elementor-section-height-default elementor-section-height-default\" data-id=\"5b7ae10\" data-element_type=\"section\" data-settings=\"{&quot;stretch_section&quot;:&quot;section-stretched&quot;,&quot;background_background&quot;:&quot;classic&quot;}\">\n\t\t\t\t\t\t<div class=\"elementor-container elementor-column-gap-no\">\n\t\t\t\t\t<div class=\"elementor-column elementor-col-25 elementor-top-column elementor-element elementor-element-678904ff\" data-id=\"678904ff\" data-element_type=\"column\">\n\t\t\t<div class=\"elementor-widget-wrap elementor-element-populated\">\n\t\t\t\t\t\t\t\t<div class=\"elementor-element elementor-element-5c607c12 gyan-infobox-position-left gyan-infobox-center-no gyan-hover-animation-none gyan-animation-box-fade elementor-widget elementor-widget-gyan_info_box\" data-id=\"5c607c12\" data-element_type=\"widget\" data-widget_type=\"gyan_info_box.default\">\n\t\t\t\t<div class=\"elementor-widget-container\">\n\t\t\t\n\t\t<div class=\"gyan-info-box gyan-animation-box gyan-ease-transition\">\n\n\t\t\t\n\t\t\t\n\t\t\t\t<div class=\"gyan-infobox-icon-holder gyan-ease-transition\">\n\n\t\t\t\t\t\n\t\t\t\t\t\n\t\t\t\t\t\n\t\t\t\t\t\t\t\t\t\t\t<span class=\"gyan-infobox-image\">\n\t\t\t\t\t\t\t<img loading=\"lazy\" decoding=\"async\" width=\"60\" height=\"60\" src=\"https:\/\/www.batuhanambalaj.com\/wp-content\/uploads\/2021\/03\/icon-concept.png\" class=\"attachment-full size-full\" alt=\"\" \/>\t\t\t\t\t\t<\/span>\n\t\t\t\t\t\n\t\t\t\t\t\n\t\t\t\t<\/div>\n\n\t\t\t\n\t\t\t<div class=\"gyan-infobox-content-holder\">\n\n\t\t\t\t\n\t\t\t\t\t<h4 class=\"gyan-infobox-title gyan-ease-transition\">\n\t\t\t\t\t\t\t\t\t\t\t\t6149\t\t\t\t\t\t\t\t\t\t\t<\/h4>\n\n\t\t\t\t\n\t\t\t\t\n\t\t\t\t\n\t\t\t\t\t<div class=\"gyan-infobox-content gyan-ease-transition\">\n\t\t\t\t\t\tMemnun M\u00fc\u015fteri\t\t\t\t\t<\/div>\n\n\t\t\t\t\n\t\t\t\t\n\t\t\t\t<div class=\"clear\"><\/div>\n\t\t\t<\/div>\n\t\t<\/div>\n\t\t\t<\/div>\n\t\t\t\t<\/div>\n\t\t\t\t\t<\/div>\n\t\t<\/div>\n\t\t\t\t<div class=\"elementor-column elementor-col-25 elementor-top-column elementor-element elementor-element-6e9f95f5\" data-id=\"6e9f95f5\" data-element_type=\"column\">\n\t\t\t<div class=\"elementor-widget-wrap elementor-element-populated\">\n\t\t\t\t\t\t\t\t<div class=\"elementor-element elementor-element-6cc7dc9 gyan-infobox-position-left gyan-infobox-center-no gyan-hover-animation-none gyan-animation-box-fade elementor-widget elementor-widget-gyan_info_box\" data-id=\"6cc7dc9\" data-element_type=\"widget\" data-widget_type=\"gyan_info_box.default\">\n\t\t\t\t<div class=\"elementor-widget-container\">\n\t\t\t\n\t\t<div class=\"gyan-info-box gyan-animation-box gyan-ease-transition\">\n\n\t\t\t\n\t\t\t\n\t\t\t\t<div class=\"gyan-infobox-icon-holder gyan-ease-transition\">\n\n\t\t\t\t\t\n\t\t\t\t\t\n\t\t\t\t\t\n\t\t\t\t\t\t\t\t\t\t\t<span class=\"gyan-infobox-image\">\n\t\t\t\t\t\t\t<img loading=\"lazy\" decoding=\"async\" width=\"60\" height=\"60\" src=\"https:\/\/www.batuhanambalaj.com\/wp-content\/uploads\/2021\/03\/icon-process.png\" class=\"attachment-full size-full\" alt=\"\" \/>\t\t\t\t\t\t<\/span>\n\t\t\t\t\t\n\t\t\t\t\t\n\t\t\t\t<\/div>\n\n\t\t\t\n\t\t\t<div class=\"gyan-infobox-content-holder\">\n\n\t\t\t\t\n\t\t\t\t\t<h4 class=\"gyan-infobox-title gyan-ease-transition\">\n\t\t\t\t\t\t\t\t\t\t\t\t60+\t\t\t\t\t\t\t\t\t\t\t<\/h4>\n\n\t\t\t\t\n\t\t\t\t\n\t\t\t\t\n\t\t\t\t\t<div class=\"gyan-infobox-content gyan-ease-transition\">\n\t\t\t\t\t\tAR-GE Yat\u0131r\u0131m\u0131\t\t\t\t\t<\/div>\n\n\t\t\t\t\n\t\t\t\t\n\t\t\t\t<div class=\"clear\"><\/div>\n\t\t\t<\/div>\n\t\t<\/div>\n\t\t\t<\/div>\n\t\t\t\t<\/div>\n\t\t\t\t\t<\/div>\n\t\t<\/div>\n\t\t\t\t<div class=\"elementor-column elementor-col-25 elementor-top-column elementor-element elementor-element-3c964e8f\" data-id=\"3c964e8f\" data-element_type=\"column\">\n\t\t\t<div class=\"elementor-widget-wrap elementor-element-populated\">\n\t\t\t\t\t\t\t\t<div class=\"elementor-element elementor-element-10e4231 gyan-infobox-position-left gyan-infobox-center-no gyan-hover-animation-none gyan-animation-box-fade elementor-widget elementor-widget-gyan_info_box\" data-id=\"10e4231\" data-element_type=\"widget\" data-widget_type=\"gyan_info_box.default\">\n\t\t\t\t<div class=\"elementor-widget-container\">\n\t\t\t\n\t\t<div class=\"gyan-info-box gyan-animation-box gyan-ease-transition\">\n\n\t\t\t\n\t\t\t\n\t\t\t\t<div class=\"gyan-infobox-icon-holder gyan-ease-transition\">\n\n\t\t\t\t\t\n\t\t\t\t\t\n\t\t\t\t\t\n\t\t\t\t\t\t\t\t\t\t\t<span class=\"gyan-infobox-image\">\n\t\t\t\t\t\t\t<img loading=\"lazy\" decoding=\"async\" width=\"60\" height=\"60\" src=\"https:\/\/www.batuhanambalaj.com\/wp-content\/uploads\/2021\/03\/icon-engineer.png\" class=\"attachment-full size-full\" alt=\"\" \/>\t\t\t\t\t\t<\/span>\n\t\t\t\t\t\n\t\t\t\t\t\n\t\t\t\t<\/div>\n\n\t\t\t\n\t\t\t<div class=\"gyan-infobox-content-holder\">\n\n\t\t\t\t\n\t\t\t\t\t<h4 class=\"gyan-infobox-title gyan-ease-transition\">\n\t\t\t\t\t\t\t\t\t\t\t\t3507\t\t\t\t\t\t\t\t\t\t\t<\/h4>\n\n\t\t\t\t\n\t\t\t\t\n\t\t\t\t\n\t\t\t\t\t<div class=\"gyan-infobox-content gyan-ease-transition\">\n\t\t\t\t\t\tHizmet Verilen Sekt\u00f6rler\t\t\t\t\t<\/div>\n\n\t\t\t\t\n\t\t\t\t\n\t\t\t\t<div class=\"clear\"><\/div>\n\t\t\t<\/div>\n\t\t<\/div>\n\t\t\t<\/div>\n\t\t\t\t<\/div>\n\t\t\t\t\t<\/div>\n\t\t<\/div>\n\t\t\t\t<div class=\"elementor-column elementor-col-25 elementor-top-column elementor-element elementor-element-41454bd5\" data-id=\"41454bd5\" data-element_type=\"column\">\n\t\t\t<div class=\"elementor-widget-wrap elementor-element-populated\">\n\t\t\t\t\t\t\t\t<div class=\"elementor-element elementor-element-6227afb4 gyan-infobox-position-left gyan-infobox-center-no gyan-hover-animation-none gyan-animation-box-fade elementor-widget elementor-widget-gyan_info_box\" data-id=\"6227afb4\" data-element_type=\"widget\" data-widget_type=\"gyan_info_box.default\">\n\t\t\t\t<div class=\"elementor-widget-container\">\n\t\t\t\n\t\t<div class=\"gyan-info-box gyan-animation-box gyan-ease-transition\">\n\n\t\t\t\n\t\t\t\n\t\t\t\t<div class=\"gyan-infobox-icon-holder gyan-ease-transition\">\n\n\t\t\t\t\t\n\t\t\t\t\t\n\t\t\t\t\t\n\t\t\t\t\t\t\t\t\t\t\t<span class=\"gyan-infobox-image\">\n\t\t\t\t\t\t\t<img loading=\"lazy\" decoding=\"async\" width=\"60\" height=\"60\" src=\"https:\/\/www.batuhanambalaj.com\/wp-content\/uploads\/2021\/03\/icon-artist.png\" class=\"attachment-full size-full\" alt=\"\" \/>\t\t\t\t\t\t<\/span>\n\t\t\t\t\t\n\t\t\t\t\t\n\t\t\t\t<\/div>\n\n\t\t\t\n\t\t\t<div class=\"gyan-infobox-content-holder\">\n\n\t\t\t\t\n\t\t\t\t\t<h4 class=\"gyan-infobox-title gyan-ease-transition\">\n\t\t\t\t\t\t\t\t\t\t\t\t2100\t\t\t\t\t\t\t\t\t\t\t<\/h4>\n\n\t\t\t\t\n\t\t\t\t\n\t\t\t\t\n\t\t\t\t\t<div class=\"gyan-infobox-content gyan-ease-transition\">\n\t\t\t\t\t\tTamamlanm\u0131\u015f Proje\t\t\t\t\t<\/div>\n\n\t\t\t\t\n\t\t\t\t\n\t\t\t\t<div class=\"clear\"><\/div>\n\t\t\t<\/div>\n\t\t<\/div>\n\t\t\t<\/div>\n\t\t\t\t<\/div>\n\t\t\t\t\t<\/div>\n\t\t<\/div>\n\t\t\t\t\t\t\t<\/div>\n\t\t<\/section>\n\t\t\t\t<section class=\"elementor-section elementor-top-section elementor-element elementor-element-45b3f4ba elementor-section-stretched elementor-section-boxed elementor-section-height-default elementor-section-height-default\" data-id=\"45b3f4ba\" data-element_type=\"section\" data-settings=\"{&quot;stretch_section&quot;:&quot;section-stretched&quot;}\">\n\t\t\t\t\t\t<div class=\"elementor-container elementor-column-gap-default\">\n\t\t\t\t\t<div class=\"elementor-column elementor-col-50 elementor-top-column elementor-element elementor-element-54494b7e\" data-id=\"54494b7e\" data-element_type=\"column\" data-settings=\"{&quot;background_background&quot;:&quot;classic&quot;}\">\n\t\t\t<div class=\"elementor-widget-wrap elementor-element-populated\">\n\t\t\t\t\t\t\t\t<div class=\"elementor-element elementor-element-6d411b0e elementor-widget elementor-widget-spacer\" data-id=\"6d411b0e\" data-element_type=\"widget\" data-widget_type=\"spacer.default\">\n\t\t\t\t<div class=\"elementor-widget-container\">\n\t\t\t\t\t<div class=\"elementor-spacer\">\n\t\t\t<div class=\"elementor-spacer-inner\"><\/div>\n\t\t<\/div>\n\t\t\t\t<\/div>\n\t\t\t\t<\/div>\n\t\t\t\t\t<\/div>\n\t\t<\/div>\n\t\t\t\t<div class=\"elementor-column elementor-col-50 elementor-top-column elementor-element elementor-element-145328c8\" data-id=\"145328c8\" data-element_type=\"column\" data-settings=\"{&quot;background_background&quot;:&quot;classic&quot;}\">\n\t\t\t<div class=\"elementor-widget-wrap elementor-element-populated\">\n\t\t\t\t\t\t\t\t<div class=\"elementor-element elementor-element-5dbd3775 gyan-title-desc-left elementor-widget elementor-widget-gyan_title\" data-id=\"5dbd3775\" data-element_type=\"widget\" data-widget_type=\"gyan_title.default\">\n\t\t\t\t<div class=\"elementor-widget-container\">\n\t\t\t\t\t<div class=\"gyan-title\">\r\n\t\t\t<h2 class=\"gyan-title-heading\">Kalite Standartlar\u0131m\u0131z<\/h2><div class=\"gyan-title-desc\">Kalite | \u00c7\u00f6z\u00fcm Odakl\u0131 | Teknolojik Yat\u0131r\u0131m | Do\u011fa Sevgisi | Sosyal Sorumluluk<\/div>\t\t<\/div>\r\n\t\t\t\t<\/div>\n\t\t\t\t<\/div>\n\t\t\t\t<div class=\"elementor-element elementor-element-421d6d64 elementor-widget elementor-widget-gyan_progressbar\" data-id=\"421d6d64\" data-element_type=\"widget\" data-widget_type=\"gyan_progressbar.default\">\n\t\t\t\t<div class=\"elementor-widget-container\">\n\t\t\t\r\n\t\t<div class=\"gyan-progress-bar pbp-right-alt\">\r\n\t\t  <div class=\"gyan-pbar-wrap\">\r\n\t\t    <div class=\"gyan-pbar-title-holder\">\r\n\t\t      <div class=\"gyan-pbar-title\">Analiz<\/div>\r\n\t\t      \t\t      \t<div class=\"gyan-pbar-percentage\"><span class=\"gyan-pbar-p-number\">100<\/span><span class=\"gyan-pbar-p-unit\">%<\/span><\/div>\r\n\t\t      \t\t    <\/div>\r\n\t\t    <div class=\"gyan-pbar-bg-holder\">\r\n\t\t      <div class=\"gyan-pbar-bg-wrap\">\r\n\t\t        <div class=\"gyan-progress-bar-data\" data-width=\"100\"><span><\/span><\/div>\r\n\t\t      <\/div>\r\n\t\t    <\/div>\r\n\t\t  <\/div>\r\n\t\t<\/div>\r\n\r\n\t\t\t\t<\/div>\n\t\t\t\t<\/div>\n\t\t\t\t<div class=\"elementor-element elementor-element-2911dfc0 elementor-widget elementor-widget-gyan_progressbar\" data-id=\"2911dfc0\" data-element_type=\"widget\" data-widget_type=\"gyan_progressbar.default\">\n\t\t\t\t<div class=\"elementor-widget-container\">\n\t\t\t\r\n\t\t<div class=\"gyan-progress-bar pbp-right-alt\">\r\n\t\t  <div class=\"gyan-pbar-wrap\">\r\n\t\t    <div class=\"gyan-pbar-title-holder\">\r\n\t\t      <div class=\"gyan-pbar-title\">Tasar\u0131m<\/div>\r\n\t\t      \t\t      \t<div class=\"gyan-pbar-percentage\"><span class=\"gyan-pbar-p-number\">100<\/span><span class=\"gyan-pbar-p-unit\">%<\/span><\/div>\r\n\t\t      \t\t    <\/div>\r\n\t\t    <div class=\"gyan-pbar-bg-holder\">\r\n\t\t      <div class=\"gyan-pbar-bg-wrap\">\r\n\t\t        <div class=\"gyan-progress-bar-data\" data-width=\"100\"><span><\/span><\/div>\r\n\t\t      <\/div>\r\n\t\t    <\/div>\r\n\t\t  <\/div>\r\n\t\t<\/div>\r\n\r\n\t\t\t\t<\/div>\n\t\t\t\t<\/div>\n\t\t\t\t<div class=\"elementor-element elementor-element-4866d5ae elementor-widget elementor-widget-gyan_progressbar\" data-id=\"4866d5ae\" data-element_type=\"widget\" data-widget_type=\"gyan_progressbar.default\">\n\t\t\t\t<div class=\"elementor-widget-container\">\n\t\t\t\r\n\t\t<div class=\"gyan-progress-bar pbp-right-alt\">\r\n\t\t  <div class=\"gyan-pbar-wrap\">\r\n\t\t    <div class=\"gyan-pbar-title-holder\">\r\n\t\t      <div class=\"gyan-pbar-title\">\u00dcretim<\/div>\r\n\t\t      \t\t      \t<div class=\"gyan-pbar-percentage\"><span class=\"gyan-pbar-p-number\">100<\/span><span class=\"gyan-pbar-p-unit\">%<\/span><\/div>\r\n\t\t      \t\t    <\/div>\r\n\t\t    <div class=\"gyan-pbar-bg-holder\">\r\n\t\t      <div class=\"gyan-pbar-bg-wrap\">\r\n\t\t        <div class=\"gyan-progress-bar-data\" data-width=\"100\"><span><\/span><\/div>\r\n\t\t      <\/div>\r\n\t\t    <\/div>\r\n\t\t  <\/div>\r\n\t\t<\/div>\r\n\r\n\t\t\t\t<\/div>\n\t\t\t\t<\/div>\n\t\t\t\t<div class=\"elementor-element elementor-element-170c3c00 elementor-widget elementor-widget-gyan_progressbar\" data-id=\"170c3c00\" data-element_type=\"widget\" data-widget_type=\"gyan_progressbar.default\">\n\t\t\t\t<div class=\"elementor-widget-container\">\n\t\t\t\r\n\t\t<div class=\"gyan-progress-bar pbp-right-alt\">\r\n\t\t  <div class=\"gyan-pbar-wrap\">\r\n\t\t    <div class=\"gyan-pbar-title-holder\">\r\n\t\t      <div class=\"gyan-pbar-title\">Memnuniyet<\/div>\r\n\t\t      \t\t      \t<div class=\"gyan-pbar-percentage\"><span class=\"gyan-pbar-p-number\">100<\/span><span class=\"gyan-pbar-p-unit\">%<\/span><\/div>\r\n\t\t      \t\t    <\/div>\r\n\t\t    <div class=\"gyan-pbar-bg-holder\">\r\n\t\t      <div class=\"gyan-pbar-bg-wrap\">\r\n\t\t        <div class=\"gyan-progress-bar-data\" data-width=\"100\"><span><\/span><\/div>\r\n\t\t      <\/div>\r\n\t\t    <\/div>\r\n\t\t  <\/div>\r\n\t\t<\/div>\r\n\r\n\t\t\t\t<\/div>\n\t\t\t\t<\/div>\n\t\t\t\t\t<\/div>\n\t\t<\/div>\n\t\t\t\t\t\t\t<\/div>\n\t\t<\/section>\n\t\t\t\t<section class=\"elementor-section elementor-top-section elementor-element elementor-element-7de4adb1 elementor-section-stretched elementor-section-boxed elementor-section-height-default elementor-section-height-default\" data-id=\"7de4adb1\" data-element_type=\"section\" data-settings=\"{&quot;stretch_section&quot;:&quot;section-stretched&quot;,&quot;background_background&quot;:&quot;classic&quot;}\">\n\t\t\t\t\t\t<div class=\"elementor-container elementor-column-gap-default\">\n\t\t\t\t\t<div class=\"elementor-column elementor-col-100 elementor-top-column elementor-element elementor-element-7ac648af\" data-id=\"7ac648af\" data-element_type=\"column\" data-settings=\"{&quot;background_background&quot;:&quot;classic&quot;}\">\n\t\t\t<div class=\"elementor-widget-wrap elementor-element-populated\">\n\t\t\t\t\t\t\t\t<div class=\"elementor-element elementor-element-7089fd5e elementor-widget elementor-widget-spacer\" data-id=\"7089fd5e\" data-element_type=\"widget\" data-widget_type=\"spacer.default\">\n\t\t\t\t<div class=\"elementor-widget-container\">\n\t\t\t\t\t<div class=\"elementor-spacer\">\n\t\t\t<div class=\"elementor-spacer-inner\"><\/div>\n\t\t<\/div>\n\t\t\t\t<\/div>\n\t\t\t\t<\/div>\n\t\t\t\t\t<\/div>\n\t\t<\/div>\n\t\t\t\t\t\t\t<\/div>\n\t\t<\/section>\n\t\t\t\t\t\t<\/div>\n\t\t\t\t\t<\/div>\n\t\t","protected":false},"excerpt":{"rendered":"<p>Hakk\u0131m\u0131zda K\u0131sa Hikayemiz Bug\u00fcn geldi\u011fimiz noktada i\u00e7inde bulundu\u011fu lokasyonda sekt\u00f6r\u00fcnde lider bir firma haline gelen Batuhan Ambalaj, m\u00fc\u015fterilerinin taleplerini zaman\u0131ndan \u00f6nce, kaliteden \u00f6d\u00fcn vermeden yerine getirmektedir. \u015eirketimizin Y\u00f6netim kadrosu ve \u00e7al\u0131\u015fanlar\u0131; kalitenin bireysel ba\u015far\u0131larla de\u011fil, t\u00fcm \u00e7al\u0131\u015fanlar\u0131n kat\u0131l\u0131m\u0131yla ger\u00e7ekle\u015ftirilece\u011finin ve bir ya\u015fam bi\u00e7imi oldu\u011funun bilincindedir. \u00dcretilen ambalajlar\u0131n, \u00fcr\u00fcnleri sadece t\u00fcketiciye [&hellip;]<\/p>\n","protected":false},"author":1,"featured_media":0,"parent":0,"menu_order":0,"comment_status":"closed","ping_status":"closed","template":"elementor_header_footer","meta":{"footnotes":""},"class_list":["post-1601","page","type-page","status-publish","hentry"],"_links":{"self":[{"href":"https:\/\/www.batuhanambalaj.com\/index.php\/wp-json\/wp\/v2\/pages\/1601","targetHints":{"allow":["GET"]}}],"collection":[{"href":"https:\/\/www.batuhanambalaj.com\/index.php\/wp-json\/wp\/v2\/pages"}],"about":[{"href":"https:\/\/www.batuhanambalaj.com\/index.php\/wp-json\/wp\/v2\/types\/page"}],"author":[{"embeddable":true,"href":"https:\/\/www.batuhanambalaj.com\/index.php\/wp-json\/wp\/v2\/users\/1"}],"replies":[{"embeddable":true,"href":"https:\/\/www.batuhanambalaj.com\/index.php\/wp-json\/wp\/v2\/comments?post=1601"}],"version-history":[{"count":61,"href":"https:\/\/www.batuhanambalaj.com\/index.php\/wp-json\/wp\/v2\/pages\/1601\/revisions"}],"predecessor-version":[{"id":4643,"href":"https:\/\/www.batuhanambalaj.com\/index.php\/wp-json\/wp\/v2\/pages\/1601\/revisions\/4643"}],"wp:attachment":[{"href":"https:\/\/www.batuhanambalaj.com\/index.php\/wp-json\/wp\/v2\/media?parent=1601"}],"curies":[{"name":"wp","href":"https:\/\/api.w.org\/{rel}","templated":true}]}}