{"id":1603,"date":"2021-03-30T19:06:58","date_gmt":"2021-03-30T16:06:58","guid":{"rendered":"http:\/\/www.batuhanambalaj.com\/index.php\/faq\/"},"modified":"2022-03-26T22:05:50","modified_gmt":"2022-03-26T19:05:50","slug":"sss","status":"publish","type":"page","link":"https:\/\/www.batuhanambalaj.com\/index.php\/sss\/","title":{"rendered":"S\u0131k Sorulan Sorular"},"content":{"rendered":"\t\t<div data-elementor-type=\"wp-page\" data-elementor-id=\"1603\" class=\"elementor elementor-1603\" data-elementor-settings=\"[]\">\n\t\t\t\t\t\t\t<div class=\"elementor-section-wrap\">\n\t\t\t\t\t\t\t<section class=\"elementor-section elementor-top-section elementor-element elementor-element-7f1cc5d5 elementor-section-stretched elementor-section-boxed elementor-section-height-default elementor-section-height-default\" data-id=\"7f1cc5d5\" data-element_type=\"section\" data-settings=\"{&quot;background_background&quot;:&quot;classic&quot;,&quot;stretch_section&quot;:&quot;section-stretched&quot;}\">\n\t\t\t\t\t\t<div class=\"elementor-container elementor-column-gap-no\">\n\t\t\t\t\t<div class=\"elementor-column elementor-col-50 elementor-top-column elementor-element elementor-element-2ff62c3c\" data-id=\"2ff62c3c\" data-element_type=\"column\">\n\t\t\t<div class=\"elementor-widget-wrap elementor-element-populated\">\n\t\t\t\t\t\t\t\t<div class=\"elementor-element elementor-element-b727aa3 elementor-widget elementor-widget-gyan_accordion\" data-id=\"b727aa3\" data-element_type=\"widget\" data-settings=\"{&quot;accordion_type&quot;:&quot;accordion&quot;,&quot;toggle_speed&quot;:300}\" data-widget_type=\"gyan_accordion.default\">\n\t\t\t\t<div class=\"elementor-widget-container\">\n\t\t\t        <div class=\"gyan-accordion\" id=\"gyan-accordion-b727aa3\" data-accordion-id=\"b727aa3\">\r\n                        <div class=\"gyan-accordion-item\">\r\n\r\n                <div id=\"gyan-accordion-tab-title-1921\" class=\"gyan-accordion-tab-title gyan-accordion-tab-active-default\" tabindex=\"1921\" data-tab=\"1\" role=\"tab\" aria-controls=\"gyan-accordion-tab-content-1921\">\r\n                    <span class=\"gyan-accordion-title-icon\">\r\n                        <span class=\"gyan-accordion-title-text\">\r\n                            Neden Bizim \u00dcr\u00fcnlerimizi Tercih Etmelisiniz?                        <\/span>\r\n                    <\/span>\r\n                                            <div class=\"gyan-accordion-toggle-icon\">\r\n                                                            <span class=\"gyan-accordion-toggle-icon gyan-accordion-toggle-icon-close gyan-icon\"><i aria-hidden=\"true\" class=\"fas fa-chevron-down\"><\/i><\/span>\r\n                                                                                        <span class=\"gyan-accordion-toggle-icon gyan-accordion-toggle-icon-open gyan-icon\"><i aria-hidden=\"true\" class=\"fas fa-chevron-up\"><\/i><\/span>\r\n                                                    <\/div>\r\n                                    <\/div>\r\n\r\n                <div id=\"gyan-accordion-tab-content-1921\" class=\"gyan-accordion-tab-content gyan-accordion-tab-active-default\" data-tab=\"1\" role=\"tabpanel\" aria-labelledby=\"gyan-accordion-tab-title-1921\">\r\n                    <p>Ambalajlanacak \u00fcr\u00fcn\u00fcn\u00fcze y\u00f6nelik do\u011fru, yenilik\u00e7i, uygun maliyetli ve y\u00fcksek kalitede ambalaj \u00e7\u00f6z\u00fcmlerimize benzersiz hizmet kalitesi ile ula\u015fmak i\u00e7in \u00fcr\u00fcnlerimizi tercih etmelisiniz.<\/p>                <\/div>\r\n\r\n            <\/div>\r\n                        <div class=\"gyan-accordion-item\">\r\n\r\n                <div id=\"gyan-accordion-tab-title-1922\" class=\"gyan-accordion-tab-title\" tabindex=\"1922\" data-tab=\"2\" role=\"tab\" aria-controls=\"gyan-accordion-tab-content-1922\">\r\n                    <span class=\"gyan-accordion-title-icon\">\r\n                        <span class=\"gyan-accordion-title-text\">\r\n                            G\u0131da ile Temasa Uygunluk                        <\/span>\r\n                    <\/span>\r\n                                            <div class=\"gyan-accordion-toggle-icon\">\r\n                                                            <span class=\"gyan-accordion-toggle-icon gyan-accordion-toggle-icon-close gyan-icon\"><i aria-hidden=\"true\" class=\"fas fa-chevron-down\"><\/i><\/span>\r\n                                                                                        <span class=\"gyan-accordion-toggle-icon gyan-accordion-toggle-icon-open gyan-icon\"><i aria-hidden=\"true\" class=\"fas fa-chevron-up\"><\/i><\/span>\r\n                                                    <\/div>\r\n                                    <\/div>\r\n\r\n                <div id=\"gyan-accordion-tab-content-1922\" class=\"gyan-accordion-tab-content\" data-tab=\"2\" role=\"tabpanel\" aria-labelledby=\"gyan-accordion-tab-title-1922\">\r\n                    \u00dcr\u00fcnlerimiz uluslararas\u0131 ge\u00e7erlili\u011fe sahip analiz sertifikalar\u0131 ve migrasyon raporlar\u0131na sahiptir.\n\n                <\/div>\r\n\r\n            <\/div>\r\n                        <div class=\"gyan-accordion-item\">\r\n\r\n                <div id=\"gyan-accordion-tab-title-1923\" class=\"gyan-accordion-tab-title\" tabindex=\"1923\" data-tab=\"3\" role=\"tab\" aria-controls=\"gyan-accordion-tab-content-1923\">\r\n                    <span class=\"gyan-accordion-title-icon\">\r\n                        <span class=\"gyan-accordion-title-text\">\r\n                            \u00dcr\u00fcn Performans\u0131                        <\/span>\r\n                    <\/span>\r\n                                            <div class=\"gyan-accordion-toggle-icon\">\r\n                                                            <span class=\"gyan-accordion-toggle-icon gyan-accordion-toggle-icon-close gyan-icon\"><i aria-hidden=\"true\" class=\"fas fa-chevron-down\"><\/i><\/span>\r\n                                                                                        <span class=\"gyan-accordion-toggle-icon gyan-accordion-toggle-icon-open gyan-icon\"><i aria-hidden=\"true\" class=\"fas fa-chevron-up\"><\/i><\/span>\r\n                                                    <\/div>\r\n                                    <\/div>\r\n\r\n                <div id=\"gyan-accordion-tab-content-1923\" class=\"gyan-accordion-tab-content\" data-tab=\"3\" role=\"tabpanel\" aria-labelledby=\"gyan-accordion-tab-title-1923\">\r\n                    \u00dcr\u00fcnlerimiz otomatik paketleme hatlar\u0131nda y\u00fcksek performans g\u00f6stererek verimlili\u011finizi artt\u0131r\u0131r.\n\n                <\/div>\r\n\r\n            <\/div>\r\n                        <div class=\"gyan-accordion-item\">\r\n\r\n                <div id=\"gyan-accordion-tab-title-1924\" class=\"gyan-accordion-tab-title\" tabindex=\"1924\" data-tab=\"4\" role=\"tab\" aria-controls=\"gyan-accordion-tab-content-1924\">\r\n                    <span class=\"gyan-accordion-title-icon\">\r\n                        <span class=\"gyan-accordion-title-text\">\r\n                            Standart Kalite                        <\/span>\r\n                    <\/span>\r\n                                            <div class=\"gyan-accordion-toggle-icon\">\r\n                                                            <span class=\"gyan-accordion-toggle-icon gyan-accordion-toggle-icon-close gyan-icon\"><i aria-hidden=\"true\" class=\"fas fa-chevron-down\"><\/i><\/span>\r\n                                                                                        <span class=\"gyan-accordion-toggle-icon gyan-accordion-toggle-icon-open gyan-icon\"><i aria-hidden=\"true\" class=\"fas fa-chevron-up\"><\/i><\/span>\r\n                                                    <\/div>\r\n                                    <\/div>\r\n\r\n                <div id=\"gyan-accordion-tab-content-1924\" class=\"gyan-accordion-tab-content\" data-tab=\"4\" role=\"tabpanel\" aria-labelledby=\"gyan-accordion-tab-title-1924\">\r\n                    \u00dcr\u00fcnlerimiz tekrar eden her sipari\u015finizde y\u00fcksek kalite standartlar\u0131n\u0131 korur.\n\n                <\/div>\r\n\r\n            <\/div>\r\n                        <div class=\"gyan-accordion-item\">\r\n\r\n                <div id=\"gyan-accordion-tab-title-1925\" class=\"gyan-accordion-tab-title\" tabindex=\"1925\" data-tab=\"5\" role=\"tab\" aria-controls=\"gyan-accordion-tab-content-1925\">\r\n                    <span class=\"gyan-accordion-title-icon\">\r\n                        <span class=\"gyan-accordion-title-text\">\r\n                            G\u00f6rsel \u015e\u0131kl\u0131k                        <\/span>\r\n                    <\/span>\r\n                                            <div class=\"gyan-accordion-toggle-icon\">\r\n                                                            <span class=\"gyan-accordion-toggle-icon gyan-accordion-toggle-icon-close gyan-icon\"><i aria-hidden=\"true\" class=\"fas fa-chevron-down\"><\/i><\/span>\r\n                                                                                        <span class=\"gyan-accordion-toggle-icon gyan-accordion-toggle-icon-open gyan-icon\"><i aria-hidden=\"true\" class=\"fas fa-chevron-up\"><\/i><\/span>\r\n                                                    <\/div>\r\n                                    <\/div>\r\n\r\n                <div id=\"gyan-accordion-tab-content-1925\" class=\"gyan-accordion-tab-content\" data-tab=\"5\" role=\"tabpanel\" aria-labelledby=\"gyan-accordion-tab-title-1925\">\r\n                    \u00dcr\u00fcnlerimiz bask\u0131dan kesime t\u00fcm s\u00fcre\u00e7lerde en g\u00fcncel teknolojiye sahip makinalarda g\u00f6rsel \u015f\u0131kl\u0131k \u00f6n planda tutularak \u00fcretilmektedir.                <\/div>\r\n\r\n            <\/div>\r\n                    <\/div>\r\n\t\t\t<\/div>\n\t\t\t\t<\/div>\n\t\t\t\t\t<\/div>\n\t\t<\/div>\n\t\t\t\t<div class=\"elementor-column elementor-col-50 elementor-top-column elementor-element elementor-element-2970f6b8\" data-id=\"2970f6b8\" data-element_type=\"column\">\n\t\t\t<div class=\"elementor-widget-wrap elementor-element-populated\">\n\t\t\t\t\t\t\t\t<section class=\"elementor-section elementor-inner-section elementor-element elementor-element-60448b20 elementor-section-full_width elementor-section-height-default elementor-section-height-default\" data-id=\"60448b20\" data-element_type=\"section\" data-settings=\"{&quot;background_background&quot;:&quot;classic&quot;}\">\n\t\t\t\t\t\t<div class=\"elementor-container elementor-column-gap-extended\">\n\t\t\t\t\t<div class=\"elementor-column elementor-col-100 elementor-inner-column elementor-element elementor-element-2912bed8\" data-id=\"2912bed8\" data-element_type=\"column\">\n\t\t\t<div class=\"elementor-widget-wrap elementor-element-populated\">\n\t\t\t\t\t\t\t\t<div class=\"elementor-element elementor-element-276df04d gyan-title-desc-left elementor-widget elementor-widget-gyan_title\" data-id=\"276df04d\" data-element_type=\"widget\" data-widget_type=\"gyan_title.default\">\n\t\t\t\t<div class=\"elementor-widget-container\">\n\t\t\t\t\t<div class=\"gyan-title\">\r\n\t\t\t<div class=\"gyan-title-heading\">BA\u015eKA SORUNUZ MU VAR?<\/div><div class=\"gyan-title-desc\">Formu doldurarak bize sorabilirsiniz.\n<\/div>\t\t<\/div>\r\n\t\t\t\t<\/div>\n\t\t\t\t<\/div>\n\t\t\t\t<div class=\"elementor-element elementor-element-4be42adf gyan-cf7-style-underline gyan-cf7-button-left gyan-cf7-highlight-style-default elementor-widget elementor-widget-gyan_contact_form_styler\" data-id=\"4be42adf\" data-element_type=\"widget\" data-widget_type=\"gyan_contact_form_styler.default\">\n\t\t\t\t<div class=\"elementor-widget-container\">\n\t\t\t\t\t\t\t<div class = \"gyan-cf7-container\">\n\t\t\t\t\t\t<div class = \"gyan-cf7 gyan-cf7-style elementor-clickable\">\n\t\t\t\t\t\t<div role=\"form\" class=\"wpcf7\" id=\"wpcf7-f1495-o1\" lang=\"en-US\" dir=\"ltr\">\n<div class=\"screen-reader-response\"><p role=\"status\" aria-live=\"polite\" aria-atomic=\"true\"><\/p> <ul><\/ul><\/div>\n<form action=\"\/index.php\/wp-json\/wp\/v2\/pages\/1603#wpcf7-f1495-o1\" method=\"post\" class=\"wpcf7-form init\" novalidate=\"novalidate\" data-status=\"init\">\n<div style=\"display: none;\">\n<input type=\"hidden\" name=\"_wpcf7\" value=\"1495\" \/>\n<input type=\"hidden\" name=\"_wpcf7_version\" value=\"5.5.6\" \/>\n<input type=\"hidden\" name=\"_wpcf7_locale\" value=\"en_US\" \/>\n<input type=\"hidden\" name=\"_wpcf7_unit_tag\" value=\"wpcf7-f1495-o1\" \/>\n<input type=\"hidden\" name=\"_wpcf7_container_post\" value=\"0\" \/>\n<input type=\"hidden\" name=\"_wpcf7_posted_data_hash\" value=\"\" \/>\n<\/div>\n<div class=\"gyan-cf7-icon icon-right\"><i class=\"far fa-user\"><\/i><span class=\"wpcf7-form-control-wrap your-name\"><input type=\"text\" name=\"your-name\" value=\"\" size=\"40\" class=\"wpcf7-form-control wpcf7-text wpcf7-validates-as-required\" aria-required=\"true\" aria-invalid=\"false\" placeholder=\"Your Name\" \/><\/span><\/div>\n<div class=\"gyan-cf7-icon icon-right\"><i class=\"far fa-envelope-open\"><\/i><span class=\"wpcf7-form-control-wrap your-email\"><input type=\"email\" name=\"your-email\" value=\"\" size=\"40\" class=\"wpcf7-form-control wpcf7-text wpcf7-email wpcf7-validates-as-required wpcf7-validates-as-email\" aria-required=\"true\" aria-invalid=\"false\" placeholder=\"Your Email\" \/><\/span><\/div>\n<div class=\"gyan-cf7-icon icon-right\"><i class=\"far fa-edit\"><\/i><span class=\"wpcf7-form-control-wrap your-question\"><input type=\"text\" name=\"your-question\" value=\"\" size=\"40\" class=\"wpcf7-form-control wpcf7-text\" aria-invalid=\"false\" placeholder=\"Your Question\" \/><\/span><\/div>\n<div><input type=\"submit\" value=\"SUBMIT NOW\" class=\"wpcf7-form-control has-spinner wpcf7-submit\" \/><\/div>\n<div class=\"wpcf7-response-output\" aria-hidden=\"true\"><\/div><\/form><\/div>\t\t\t\t\t<\/div>\n\t\t\t\t<\/div>\n\t\t\t\t\t\t<\/div>\n\t\t\t\t<\/div>\n\t\t\t\t\t<\/div>\n\t\t<\/div>\n\t\t\t\t\t\t\t<\/div>\n\t\t<\/section>\n\t\t\t\t\t<\/div>\n\t\t<\/div>\n\t\t\t\t\t\t\t<\/div>\n\t\t<\/section>\n\t\t\t\t\t\t<\/div>\n\t\t\t\t\t<\/div>\n\t\t","protected":false},"excerpt":{"rendered":"<p>Neden Bizim \u00dcr\u00fcnlerimizi Tercih Etmelisiniz? Ambalajlanacak \u00fcr\u00fcn\u00fcn\u00fcze y\u00f6nelik do\u011fru, yenilik\u00e7i, uygun maliyetli ve y\u00fcksek kalitede ambalaj \u00e7\u00f6z\u00fcmlerimize benzersiz hizmet kalitesi ile ula\u015fmak i\u00e7in \u00fcr\u00fcnlerimizi tercih etmelisiniz. G\u0131da ile Temasa Uygunluk \u00dcr\u00fcnlerimiz uluslararas\u0131 ge\u00e7erlili\u011fe sahip analiz sertifikalar\u0131 ve migrasyon raporlar\u0131na sahiptir. \u00dcr\u00fcn Performans\u0131 \u00dcr\u00fcnlerimiz otomatik paketleme hatlar\u0131nda y\u00fcksek performans g\u00f6stererek verimlili\u011finizi [&hellip;]<\/p>\n","protected":false},"author":1,"featured_media":0,"parent":0,"menu_order":0,"comment_status":"closed","ping_status":"closed","template":"elementor_header_footer","meta":{"footnotes":""},"class_list":["post-1603","page","type-page","status-publish","hentry"],"_links":{"self":[{"href":"https:\/\/www.batuhanambalaj.com\/index.php\/wp-json\/wp\/v2\/pages\/1603","targetHints":{"allow":["GET"]}}],"collection":[{"href":"https:\/\/www.batuhanambalaj.com\/index.php\/wp-json\/wp\/v2\/pages"}],"about":[{"href":"https:\/\/www.batuhanambalaj.com\/index.php\/wp-json\/wp\/v2\/types\/page"}],"author":[{"embeddable":true,"href":"https:\/\/www.batuhanambalaj.com\/index.php\/wp-json\/wp\/v2\/users\/1"}],"replies":[{"embeddable":true,"href":"https:\/\/www.batuhanambalaj.com\/index.php\/wp-json\/wp\/v2\/comments?post=1603"}],"version-history":[{"count":25,"href":"https:\/\/www.batuhanambalaj.com\/index.php\/wp-json\/wp\/v2\/pages\/1603\/revisions"}],"predecessor-version":[{"id":3504,"href":"https:\/\/www.batuhanambalaj.com\/index.php\/wp-json\/wp\/v2\/pages\/1603\/revisions\/3504"}],"wp:attachment":[{"href":"https:\/\/www.batuhanambalaj.com\/index.php\/wp-json\/wp\/v2\/media?parent=1603"}],"curies":[{"name":"wp","href":"https:\/\/api.w.org\/{rel}","templated":true}]}}