{"id":2,"date":"2022-03-16T20:26:07","date_gmt":"2022-03-16T17:26:07","guid":{"rendered":"http:\/\/www.batuhanambalaj.com\/?page_id=2"},"modified":"2022-03-22T00:20:41","modified_gmt":"2022-03-21T21:20:41","slug":"hesap-bilgileri","status":"publish","type":"page","link":"https:\/\/www.batuhanambalaj.com\/index.php\/hesap-bilgileri\/","title":{"rendered":"Hesap Bilgileri"},"content":{"rendered":"\n<h2 class=\"wp-block-heading\">Ziraat Bankas\u0131<\/h2>\n\n\n\n<p><\/p>\n\n\n\n<figure id=\"table-example\" class=\"wp-block-table is-style-regular\"><table><tbody><tr><td>TR65 0001 0016 9285 6074 5850 01 (T\u00dcRK L\u0130RASI HESABI)<br><br>TR27 0001 0016 9285 6074 5850 01 (DOLAR HESABI)<br><br>TR97 0001 0016 9285 6074 5850 01 (EURO HESABI)<\/td><\/tr><\/tbody><\/table><\/figure>\n","protected":false},"excerpt":{"rendered":"<p>Ziraat Bankas\u0131 TR65 0001 0016 9285 6074 5850 01 (T\u00dcRK L\u0130RASI HESABI) TR27 0001 0016 9285 6074 5850 01 (DOLAR HESABI) TR97 0001 0016 9285 6074 5850 01 (EURO HESABI)<\/p>\n","protected":false},"author":1,"featured_media":0,"parent":0,"menu_order":0,"comment_status":"closed","ping_status":"closed","template":"","meta":{"footnotes":""},"class_list":["post-2","page","type-page","status-publish","hentry"],"_links":{"self":[{"href":"https:\/\/www.batuhanambalaj.com\/index.php\/wp-json\/wp\/v2\/pages\/2","targetHints":{"allow":["GET"]}}],"collection":[{"href":"https:\/\/www.batuhanambalaj.com\/index.php\/wp-json\/wp\/v2\/pages"}],"about":[{"href":"https:\/\/www.batuhanambalaj.com\/index.php\/wp-json\/wp\/v2\/types\/page"}],"author":[{"embeddable":true,"href":"https:\/\/www.batuhanambalaj.com\/index.php\/wp-json\/wp\/v2\/users\/1"}],"replies":[{"embeddable":true,"href":"https:\/\/www.batuhanambalaj.com\/index.php\/wp-json\/wp\/v2\/comments?post=2"}],"version-history":[{"count":5,"href":"https:\/\/www.batuhanambalaj.com\/index.php\/wp-json\/wp\/v2\/pages\/2\/revisions"}],"predecessor-version":[{"id":3181,"href":"https:\/\/www.batuhanambalaj.com\/index.php\/wp-json\/wp\/v2\/pages\/2\/revisions\/3181"}],"wp:attachment":[{"href":"https:\/\/www.batuhanambalaj.com\/index.php\/wp-json\/wp\/v2\/media?parent=2"}],"curies":[{"name":"wp","href":"https:\/\/api.w.org\/{rel}","templated":true}]}}